{"id":3697,"date":"2018-06-11T17:53:54","date_gmt":"2018-06-11T15:53:54","guid":{"rendered":"https:\/\/www.pga-electronics.com\/?page_id=3697"},"modified":"2022-12-16T15:15:48","modified_gmt":"2022-12-16T14:15:48","slug":"quienes-somos","status":"publish","type":"page","link":"https:\/\/www.pga-electronics.com\/es\/quienes-somos\/","title":{"rendered":"Qui\u00e9nes somos"},"content":{"rendered":"<div class=\"wpb-content-wrapper\"><p>[vc_row][vc_column][vc_custom_heading text=\u00bbQui\u00e9nes somos\u00bb font_container=\u00bbtag:h1|text_align:left\u00bb use_theme_fonts=\u00bbyes\u00bb][vc_column_text]<\/p>\n<p style=\"text-align: left;\"><img loading=\"lazy\" decoding=\"async\" class=\"alignnone size-full wp-image-2371\" src=\"https:\/\/www.pga-electronics.com\/wp-content\/uploads\/2016\/09\/divider-titolo-blu.jpg\" alt=\"divider-titolo-blu\" width=\"1600\" height=\"29\" srcset=\"https:\/\/www.pga-electronics.com\/wp-content\/uploads\/2016\/09\/divider-titolo-blu.jpg 1600w, https:\/\/www.pga-electronics.com\/wp-content\/uploads\/2016\/09\/divider-titolo-blu-300x5.jpg 300w, https:\/\/www.pga-electronics.com\/wp-content\/uploads\/2016\/09\/divider-titolo-blu-768x14.jpg 768w, https:\/\/www.pga-electronics.com\/wp-content\/uploads\/2016\/09\/divider-titolo-blu-1024x19.jpg 1024w, https:\/\/www.pga-electronics.com\/wp-content\/uploads\/2016\/09\/divider-titolo-blu-260x5.jpg 260w, https:\/\/www.pga-electronics.com\/wp-content\/uploads\/2016\/09\/divider-titolo-blu-50x1.jpg 50w, https:\/\/www.pga-electronics.com\/wp-content\/uploads\/2016\/09\/divider-titolo-blu-150x3.jpg 150w\" sizes=\"auto, (max-width:767px) 480px, (max-width:1600px) 100vw, 1600px\" \/><\/p>\n<p>[\/vc_column_text][\/vc_column][\/vc_row][vc_row][vc_column][vc_column_text]<img loading=\"lazy\" decoding=\"async\" class=\"alignnone wp-image-2951 size-full\" src=\"https:\/\/www.pga-electronics.com\/wp-content\/uploads\/2016\/09\/banner-chi-siamo-lug2017.jpg\" alt=\"\" width=\"1540\" height=\"486\" srcset=\"https:\/\/www.pga-electronics.com\/wp-content\/uploads\/2016\/09\/banner-chi-siamo-lug2017.jpg 1540w, https:\/\/www.pga-electronics.com\/wp-content\/uploads\/2016\/09\/banner-chi-siamo-lug2017-300x95.jpg 300w, https:\/\/www.pga-electronics.com\/wp-content\/uploads\/2016\/09\/banner-chi-siamo-lug2017-768x242.jpg 768w, https:\/\/www.pga-electronics.com\/wp-content\/uploads\/2016\/09\/banner-chi-siamo-lug2017-1024x323.jpg 1024w, https:\/\/www.pga-electronics.com\/wp-content\/uploads\/2016\/09\/banner-chi-siamo-lug2017-260x82.jpg 260w, https:\/\/www.pga-electronics.com\/wp-content\/uploads\/2016\/09\/banner-chi-siamo-lug2017-50x16.jpg 50w, https:\/\/www.pga-electronics.com\/wp-content\/uploads\/2016\/09\/banner-chi-siamo-lug2017-150x47.jpg 150w\" sizes=\"auto, (max-width:767px) 480px, (max-width:1540px) 100vw, 1540px\" \/>[\/vc_column_text][\/vc_column][\/vc_row][vc_row][vc_column width=\u00bb1\/4&#8243;][vc_single_image image=\u00bb2697&#8243; img_size=\u00bbfull\u00bb][\/vc_column][vc_column width=\u00bb3\/4&#8243;][vc_column_text]<\/p>\n<p class=\"p1\" style=\"text-align: justify;\"><span style=\"color: #ffffff;\">&#8211;<\/span><\/p>\n<p class=\"p1\" style=\"text-align: justify;\">P.G.A. ofrece <strong>soluciones integradas<\/strong> para la realizaci\u00f3n de circuitos electr\u00f3nicos utilizados para el control y alimentaci\u00f3n de equipos electr\u00f3nicos y electromec\u00e1nicos en los sectores de los electrodom\u00e9sticos, motores el\u00e9ctricos, sistemas de gesti\u00f3n de presencia, sistemas RFID, iluminaci\u00f3n, etc.<\/p>\n<p class=\"p1\" style=\"text-align: justify;\">Fundada en 1995 y parte del Grupo Sabaf (<a href=\"https:\/\/www.sabafgroup.com\/en\" target=\"_blank\" rel=\"noopener\">www.sabafgroup.com<\/a>) desde 2022, P.G.A. se ha creado un espacio en el mundo del <strong>dise\u00f1o de circuitos electr\u00f3nicos y creaci\u00f3n de prototipos<\/strong>, anticipando las necesidades del mercado e invirtiendo en <strong>tecnolog\u00eda e innovaci\u00f3n<\/strong>.<\/p>\n<p class=\"p1\" style=\"text-align: justify;\">La llegada del primer teclado capacitivo del mundo, gracias a la revoluci\u00f3n dictada por el sistema SMT (tecnolog\u00eda de montaje en superficie), ha sido importante y fuerte.<\/p>\n<p>P.G.A. invierte continuamente en <strong>Investigaci\u00f3n y Desarrollo<\/strong> tanto en t\u00e9rminos de personal como de habilidades, habiendo consolidado con el tiempo una posici\u00f3n de liderazgo reconocida dentro de este mercado y teniendo siempre en cuenta el paradigma de impulso de innovaci\u00f3n tecnol\u00f3gica (<em>push technology innovation<\/em>) como un valor de referencia fundamental al que quiere llegar constantemente a trav\u00e9s de todos los procesos empresariales gracias a la voluntad creativa y la potencia tecnol\u00f3gica.[\/vc_column_text][\/vc_column][\/vc_row][vc_row][vc_column][vc_column_text]<img loading=\"lazy\" decoding=\"async\" class=\"size-full wp-image-2328\" src=\"https:\/\/www.pga-electronics.com\/wp-content\/uploads\/2015\/12\/divider-verde.jpg\" alt=\"divider-verde\" width=\"1600\" height=\"29\" srcset=\"https:\/\/www.pga-electronics.com\/wp-content\/uploads\/2015\/12\/divider-verde.jpg 1600w, https:\/\/www.pga-electronics.com\/wp-content\/uploads\/2015\/12\/divider-verde-300x5.jpg 300w, https:\/\/www.pga-electronics.com\/wp-content\/uploads\/2015\/12\/divider-verde-768x14.jpg 768w, https:\/\/www.pga-electronics.com\/wp-content\/uploads\/2015\/12\/divider-verde-1024x19.jpg 1024w, https:\/\/www.pga-electronics.com\/wp-content\/uploads\/2015\/12\/divider-verde-260x5.jpg 260w, https:\/\/www.pga-electronics.com\/wp-content\/uploads\/2015\/12\/divider-verde-50x1.jpg 50w, https:\/\/www.pga-electronics.com\/wp-content\/uploads\/2015\/12\/divider-verde-150x3.jpg 150w\" sizes=\"auto, (max-width:767px) 480px, (max-width:1600px) 100vw, 1600px\" \/>[\/vc_column_text][\/vc_column][\/vc_row][vc_row][vc_column width=\u00bb1\/3&#8243;][vc_single_image image=\u00bb2386&#8243; img_size=\u00bbfull\u00bb][\/vc_column][vc_column width=\u00bb2\/3&#8243;][vc_column_text]<\/p>\n<p class=\"p1\" style=\"text-align: justify;\">El deseo de la compa\u00f1\u00eda es ofrecer un producto final que est\u00e9 siempre al m\u00e1s alto nivel de calidad, mediante la aplicaci\u00f3n de t\u00e9cnicas de dise\u00f1o importante, un proceso de \u00abproducci\u00f3n ajustada\u00bb y la realizaci\u00f3n de sistemas de prueba en circuito \/ pre-funcionales con un alto rendimiento en arquitectura digital y en todas las fases de la producci\u00f3n.<\/p>\n<p class=\"p1\">El objetivo es buscar un producto con \u00abcero defectos\u00bb.<\/p>\n<p>[\/vc_column_text][\/vc_column][\/vc_row][vc_row][vc_column width=\u00bb1\/3&#8243;][vc_single_image image=\u00bb2393&#8243; img_size=\u00bbfull\u00bb][\/vc_column][vc_column width=\u00bb2\/3&#8243;][vc_column_text]<\/p>\n<p class=\"p1\">P.G.A. ayuda al Cliente a elegir cuales son las mejores opciones de innovaci\u00f3n, calidad y puntualidad, escuchando las necesidades y exigencias t\u00e9cnicas y comerciales necesarias para tener \u00e9xito y ser competitivo en el mercado, ofreciendo siempre un producto innovador, con innovaci\u00f3n tecnol\u00f3gica y con una optimizaci\u00f3n del tiempo, de la calidad del producto, con alta tecnolog\u00eda, atenci\u00f3n a los costes y respeto por el medioambiente.<\/p>\n<p>[\/vc_column_text][vc_custom_heading text=\u00bbVoluntad Creativa, Potencia Tecnol\u00f3gica\u00bb font_container=\u00bbtag:h1|text_align:left\u00bb use_theme_fonts=\u00bbyes\u00bb][\/vc_column][\/vc_row][vc_row][vc_column][vc_column_text]<img loading=\"lazy\" decoding=\"async\" class=\"size-full wp-image-2328\" src=\"https:\/\/www.pga-electronics.com\/wp-content\/uploads\/2015\/12\/divider-verde.jpg\" alt=\"divider-verde\" width=\"1600\" height=\"29\" srcset=\"https:\/\/www.pga-electronics.com\/wp-content\/uploads\/2015\/12\/divider-verde.jpg 1600w, https:\/\/www.pga-electronics.com\/wp-content\/uploads\/2015\/12\/divider-verde-300x5.jpg 300w, https:\/\/www.pga-electronics.com\/wp-content\/uploads\/2015\/12\/divider-verde-768x14.jpg 768w, https:\/\/www.pga-electronics.com\/wp-content\/uploads\/2015\/12\/divider-verde-1024x19.jpg 1024w, https:\/\/www.pga-electronics.com\/wp-content\/uploads\/2015\/12\/divider-verde-260x5.jpg 260w, https:\/\/www.pga-electronics.com\/wp-content\/uploads\/2015\/12\/divider-verde-50x1.jpg 50w, https:\/\/www.pga-electronics.com\/wp-content\/uploads\/2015\/12\/divider-verde-150x3.jpg 150w\" sizes=\"auto, (max-width:767px) 480px, (max-width:1600px) 100vw, 1600px\" \/>[\/vc_column_text][\/vc_column][\/vc_row][vc_row][vc_column width=\u00bb1\/2&#8243;][vc_custom_heading text=\u00bbPresencia Internacional\u00bb font_container=\u00bbtag:h1|text_align:left\u00bb use_theme_fonts=\u00bbyes\u00bb][vc_column_text]P.G.A. desde su fundaci\u00f3n, representa el <strong>MADE IN ITALY<\/strong> en el mundo de la producci\u00f3n de placas electr\u00f3nicas para electrodom\u00e9sticos y se la reconoce por sus altos est\u00e1ndares de calidad, fiabilidad y seriedad hacia sus clientes.[\/vc_column_text][vc_column_text]Tras haber empezado como una peque\u00f1a empresa, ubicada en el distrito industrial de Fabriano (AN), nuestra empresa ha conseguido a lo largo del tiempo una fuerte connotaci\u00f3n internacional, exportando sus productos <strong>en todo el mundo<\/strong>.[\/vc_column_text][vc_single_image image=\u00bb2658&#8243; img_size=\u00bbfull\u00bb alignment=\u00bbcenter\u00bb][\/vc_column][vc_column width=\u00bb1\/2&#8243;][vc_custom_heading text=\u00bb.\u00bb font_container=\u00bbtag:h1|text_align:left|color:%23ffffff\u00bb use_theme_fonts=\u00bbyes\u00bb][vc_single_image image=\u00bb2649&#8243; img_size=\u00bbfull\u00bb alignment=\u00bbcenter\u00bb][\/vc_column][\/vc_row][vc_row][vc_column][vc_column_text]<img loading=\"lazy\" decoding=\"async\" class=\"size-full wp-image-2328\" src=\"https:\/\/www.pga-electronics.com\/wp-content\/uploads\/2015\/12\/divider-verde.jpg\" alt=\"divider-verde\" width=\"1600\" height=\"29\" srcset=\"https:\/\/www.pga-electronics.com\/wp-content\/uploads\/2015\/12\/divider-verde.jpg 1600w, https:\/\/www.pga-electronics.com\/wp-content\/uploads\/2015\/12\/divider-verde-300x5.jpg 300w, https:\/\/www.pga-electronics.com\/wp-content\/uploads\/2015\/12\/divider-verde-768x14.jpg 768w, https:\/\/www.pga-electronics.com\/wp-content\/uploads\/2015\/12\/divider-verde-1024x19.jpg 1024w, https:\/\/www.pga-electronics.com\/wp-content\/uploads\/2015\/12\/divider-verde-260x5.jpg 260w, https:\/\/www.pga-electronics.com\/wp-content\/uploads\/2015\/12\/divider-verde-50x1.jpg 50w, https:\/\/www.pga-electronics.com\/wp-content\/uploads\/2015\/12\/divider-verde-150x3.jpg 150w\" sizes=\"auto, (max-width:767px) 480px, (max-width:1600px) 100vw, 1600px\" \/>[\/vc_column_text][\/vc_column][\/vc_row]<\/p>\n<\/div>","protected":false},"excerpt":{"rendered":"<p>[vc_row][vc_column][vc_custom_heading text=\u00bbQui\u00e9nes somos\u00bb font_container=\u00bbtag:h1|text_align:left\u00bb use_theme_fonts=\u00bbyes\u00bb][vc_column_text] [\/vc_column_text][\/vc_column][\/vc_row][vc_row][vc_column][vc_column_text][\/vc_column_text][\/vc_column][\/vc_row][vc_row][vc_column width=\u00bb1\/4&#8243;][vc_single_image image=\u00bb2697&#8243; img_size=\u00bbfull\u00bb][\/vc_column][vc_column width=\u00bb3\/4&#8243;][vc_column_text] &#8211; P.G.A. ofrece soluciones integradas para la realizaci\u00f3n de circuitos electr\u00f3nicos utilizados para el control y<span class=\"excerpt-hellip\"> [\u2026]<\/span><\/p>\n","protected":false},"author":1,"featured_media":0,"parent":0,"menu_order":0,"comment_status":"closed","ping_status":"closed","template":"","meta":{"footnotes":""},"class_list":["post-3697","page","type-page","status-publish","hentry"],"_links":{"self":[{"href":"https:\/\/www.pga-electronics.com\/es\/wp-json\/wp\/v2\/pages\/3697","targetHints":{"allow":["GET"]}}],"collection":[{"href":"https:\/\/www.pga-electronics.com\/es\/wp-json\/wp\/v2\/pages"}],"about":[{"href":"https:\/\/www.pga-electronics.com\/es\/wp-json\/wp\/v2\/types\/page"}],"author":[{"embeddable":true,"href":"https:\/\/www.pga-electronics.com\/es\/wp-json\/wp\/v2\/users\/1"}],"replies":[{"embeddable":true,"href":"https:\/\/www.pga-electronics.com\/es\/wp-json\/wp\/v2\/comments?post=3697"}],"version-history":[{"count":6,"href":"https:\/\/www.pga-electronics.com\/es\/wp-json\/wp\/v2\/pages\/3697\/revisions"}],"predecessor-version":[{"id":4386,"href":"https:\/\/www.pga-electronics.com\/es\/wp-json\/wp\/v2\/pages\/3697\/revisions\/4386"}],"wp:attachment":[{"href":"https:\/\/www.pga-electronics.com\/es\/wp-json\/wp\/v2\/media?parent=3697"}],"curies":[{"name":"wp","href":"https:\/\/api.w.org\/{rel}","templated":true}]}}