{"id":3700,"date":"2018-06-11T18:04:25","date_gmt":"2018-06-11T16:04:25","guid":{"rendered":"https:\/\/www.pga-electronics.com\/?page_id=3700"},"modified":"2018-07-25T10:23:18","modified_gmt":"2018-07-25T08:23:18","slug":"produccion","status":"publish","type":"page","link":"https:\/\/www.pga-electronics.com\/es\/produccion\/","title":{"rendered":"Producci\u00f3n"},"content":{"rendered":"<div class=\"wpb-content-wrapper\"><p>[vc_row][vc_column][vc_custom_heading text=\u00bbProducci\u00f3n\u00bb font_container=\u00bbtag:h1|text_align:left\u00bb use_theme_fonts=\u00bbyes\u00bb][vc_column_text css=\u00bb.vc_custom_1474382341978{padding-bottom: -20px !important;}\u00bb]<\/p>\n<p style=\"text-align: left;\"><img loading=\"lazy\" decoding=\"async\" class=\"alignnone size-full wp-image-2371\" src=\"https:\/\/www.pga-electronics.com\/wp-content\/uploads\/2016\/09\/divider-titolo-blu.jpg\" alt=\"divider-titolo-blu\" width=\"1600\" height=\"29\" srcset=\"https:\/\/www.pga-electronics.com\/wp-content\/uploads\/2016\/09\/divider-titolo-blu.jpg 1600w, https:\/\/www.pga-electronics.com\/wp-content\/uploads\/2016\/09\/divider-titolo-blu-300x5.jpg 300w, https:\/\/www.pga-electronics.com\/wp-content\/uploads\/2016\/09\/divider-titolo-blu-768x14.jpg 768w, https:\/\/www.pga-electronics.com\/wp-content\/uploads\/2016\/09\/divider-titolo-blu-1024x19.jpg 1024w, https:\/\/www.pga-electronics.com\/wp-content\/uploads\/2016\/09\/divider-titolo-blu-260x5.jpg 260w, https:\/\/www.pga-electronics.com\/wp-content\/uploads\/2016\/09\/divider-titolo-blu-50x1.jpg 50w, https:\/\/www.pga-electronics.com\/wp-content\/uploads\/2016\/09\/divider-titolo-blu-150x3.jpg 150w\" sizes=\"auto, (max-width:767px) 480px, (max-width:1600px) 100vw, 1600px\" \/><\/p>\n<p>[\/vc_column_text][vc_single_image image=\u00bb2939&#8243; img_size=\u00bbfull\u00bb][vc_column_text]<\/p>\n<h4>Las instalaciones de producci\u00f3n han sido dise\u00f1adas para cumplir con los est\u00e1ndares de seguridad y los par\u00e1metros establecidos por ESD (descarga electrost\u00e1tica), y se controlan clim\u00e1ticamente tanto en la temperatura como en el grado de humedad y la presion.<\/h4>\n<p>Gracias a maquinarias de \u00faltima generaci\u00f3n, a la flexibilidad organizativa y al personal altamente especializado, podemos satisfacer todos los requisitos relacionados con los sectores HVLM (High Volume Low Mix) y LVHM (Low Volume High Mix) pudi\u00e9ndose realizar, previa petici\u00f3n, muestras en Modo Rush, pruebas de funcionamiento y reparaciones.[\/vc_column_text][vc_single_image image=\u00bb2328&#8243; img_size=\u00bbfull\u00bb][\/vc_column][\/vc_row][vc_row][vc_column width=\u00bb1\/3&#8243;][vc_single_image image=\u00bb2693&#8243; img_size=\u00bbfull\u00bb][\/vc_column][vc_column width=\u00bb2\/3&#8243;]<div class=\"story_box vertical\"><div class=\"desc_wrapper\"><h3 class=\"themecolor title \">Montaje SMT<\/h3><hr class=\"hr_color\"><\/div><div class=\"desc\">La tecnolog\u00eda de montaje superficial (SMT) es el m\u00e9todo utilizado para la producci\u00f3n de circuitos electr\u00f3nicos en el que los componentes se colocan y se montan directamente en la superficie de una placa de circuito impreso (PCB).<\/div><\/div>\n[\/vc_column][vc_column][vc_single_image image=\u00bb2328&#8243; img_size=\u00bbfull\u00bb][\/vc_column][\/vc_row][vc_row][vc_column width=\u00bb1\/3&#8243;][vc_single_image image=\u00bb2584&#8243; img_size=\u00bbfull\u00bb][\/vc_column][vc_column width=\u00bb2\/3&#8243;]<div class=\"story_box vertical\"><div class=\"desc_wrapper\"><h3 class=\"themecolor title \">AOI<\/h3><hr class=\"hr_color\"><\/div><div class=\"desc\">La Automed Optical Inspection (inspecci\u00f3n \u00f3ptica automatizada) es un sistema de inspecci\u00f3n visual automatizada para controlar las placas electr\u00f3nicas ensambladas.<br \/>\nLos dispositivos \u00f3pticos autom\u00e1ticos de alto detalle escanean el producto en busca de defectos de calidad.<br \/>\n<\/div><\/div>\n[\/vc_column][vc_column][vc_single_image image=\u00bb2328&#8243; img_size=\u00bbfull\u00bb][\/vc_column][\/vc_row][vc_row][vc_column width=\u00bb1\/3&#8243;][vc_single_image image=\u00bb2774&#8243; img_size=\u00bbfull\u00bb][\/vc_column][vc_column width=\u00bb2\/3&#8243;]<div class=\"story_box vertical\"><div class=\"desc_wrapper\"><h3 class=\"themecolor title \">Montaje PTH<\/h3><hr class=\"hr_color\"><\/div><div class=\"desc\">El ensamblaje PTH (Pass Through Hole) implica el uso de componentes electr\u00f3nicos que se insertan en circuitos impresos especialmente dise\u00f1ados y realizados.<\/div><\/div>\n[\/vc_column][vc_column][vc_single_image image=\u00bb2328&#8243; img_size=\u00bbfull\u00bb][\/vc_column][\/vc_row][vc_row][vc_column width=\u00bb1\/3&#8243;][vc_single_image image=\u00bb3128&#8243; img_size=\u00bbfull\u00bb][\/vc_column][vc_column width=\u00bb2\/3&#8243;]<div class=\"story_box vertical\"><div class=\"desc_wrapper\"><h3 class=\"themecolor title \">Soldadura por ola<\/h3><hr class=\"hr_color\"><\/div><div class=\"desc\">El ensamblaje electr\u00f3nico con tecnolog\u00eda THT (Through Hole Technology) se caracteriza por un proceso de soldadura particular, llamado ola.<\/p>\n<p>Las placas electr\u00f3nicas ensambladas con componentes PTH (Pass Through Hole) est\u00e1n hechas para deslizarse sobre la \u00abcresta\u00bb de una soldadura fundida que, al adherirse al circuito, suelda los componentes electr\u00f3nicos.<\/div><\/div>\n[\/vc_column][vc_column][vc_single_image image=\u00bb2328&#8243; img_size=\u00bbfull\u00bb][\/vc_column][\/vc_row][vc_row][vc_column width=\u00bb1\/3&#8243;][vc_single_image image=\u00bb2592&#8243; img_size=\u00bbfull\u00bb][\/vc_column][vc_column width=\u00bb2\/3&#8243;]<div class=\"story_box vertical\"><div class=\"desc_wrapper\"><h3 class=\"themecolor title \">Recubrimiento Conformal<\/h3><hr class=\"hr_color\"><\/div><div class=\"desc\">El Conformal Coating protege los componentes del circuito electr\u00f3nico del polvo, la humedad, los productos qu\u00edmicos y las temperaturas extremas.<\/p>\n<p>El proceso de pintado, cuando es necesario, se lleva a cabo en un departamento especial equipado con un sistema de secado y control climatol\u00f3gico para la humedad y la temperatura.<\/p>\n<p><\/div><\/div>\n[\/vc_column][vc_column][vc_single_image image=\u00bb2328&#8243; img_size=\u00bbfull\u00bb][\/vc_column][\/vc_row][vc_row][vc_column width=\u00bb1\/3&#8243;][vc_single_image image=\u00bb3119&#8243; img_size=\u00bbfull\u00bb][\/vc_column][vc_column width=\u00bb2\/3&#8243;]<div class=\"story_box vertical\"><div class=\"desc_wrapper\"><h3 class=\"themecolor title \">Prueba en circuito<\/h3><hr class=\"hr_color\"><\/div><div class=\"desc\">Para garantizar la calidad total, todos los productos se prueban y comprueban al 100% y podemos realizar pruebas funcionales de ICT (In Circuit Test) precisas, con equipos de prueba suministrados por el cliente o desarrollados seg\u00fan las especificaciones.<\/div><\/div>\n[\/vc_column][vc_column][vc_single_image image=\u00bb2328&#8243; img_size=\u00bbfull\u00bb][\/vc_column][\/vc_row][vc_row][vc_column width=\u00bb1\/3&#8243;][vc_single_image image=\u00bb3126&#8243; img_size=\u00bbfull\u00bb][\/vc_column][vc_column width=\u00bb2\/3&#8243;]<div class=\"story_box vertical\"><div class=\"desc_wrapper\"><h3 class=\"themecolor title \">Montaje electromec\u00e1nico<\/h3><hr class=\"hr_color\"><\/div><div class=\"desc\">A pedido espec\u00edfico del cliente, P.G.A. es capaz de realizar montajes electromec\u00e1nicos tales como kits \/ sistemas de comando, potencia, potencia de comando, proporcionando un producto completo \u00abllave en mano\u00bb y capaz de satisfacer incluso los requisitos est\u00e9ticos m\u00e1s particulares solicitados por los clientes.<\/div><\/div>\n[\/vc_column][vc_column][vc_single_image image=\u00bb2328&#8243; img_size=\u00bbfull\u00bb][\/vc_column][\/vc_row]<\/p>\n<\/div>","protected":false},"excerpt":{"rendered":"<p>[vc_row][vc_column][vc_custom_heading text=\u00bbProducci\u00f3n\u00bb font_container=\u00bbtag:h1|text_align:left\u00bb use_theme_fonts=\u00bbyes\u00bb][vc_column_text css=\u00bb.vc_custom_1474382341978{padding-bottom: -20px !important;}\u00bb] [\/vc_column_text][vc_single_image image=\u00bb2939&#8243; img_size=\u00bbfull\u00bb][vc_column_text] Las instalaciones de producci\u00f3n han sido dise\u00f1adas para cumplir con los est\u00e1ndares de seguridad y los<span class=\"excerpt-hellip\"> [\u2026]<\/span><\/p>\n","protected":false},"author":1,"featured_media":0,"parent":0,"menu_order":0,"comment_status":"closed","ping_status":"closed","template":"","meta":{"footnotes":""},"class_list":["post-3700","page","type-page","status-publish","hentry"],"_links":{"self":[{"href":"https:\/\/www.pga-electronics.com\/es\/wp-json\/wp\/v2\/pages\/3700","targetHints":{"allow":["GET"]}}],"collection":[{"href":"https:\/\/www.pga-electronics.com\/es\/wp-json\/wp\/v2\/pages"}],"about":[{"href":"https:\/\/www.pga-electronics.com\/es\/wp-json\/wp\/v2\/types\/page"}],"author":[{"embeddable":true,"href":"https:\/\/www.pga-electronics.com\/es\/wp-json\/wp\/v2\/users\/1"}],"replies":[{"embeddable":true,"href":"https:\/\/www.pga-electronics.com\/es\/wp-json\/wp\/v2\/comments?post=3700"}],"version-history":[{"count":6,"href":"https:\/\/www.pga-electronics.com\/es\/wp-json\/wp\/v2\/pages\/3700\/revisions"}],"predecessor-version":[{"id":4235,"href":"https:\/\/www.pga-electronics.com\/es\/wp-json\/wp\/v2\/pages\/3700\/revisions\/4235"}],"wp:attachment":[{"href":"https:\/\/www.pga-electronics.com\/es\/wp-json\/wp\/v2\/media?parent=3700"}],"curies":[{"name":"wp","href":"https:\/\/api.w.org\/{rel}","templated":true}]}}