{"id":3703,"date":"2018-06-11T18:24:07","date_gmt":"2018-06-11T16:24:07","guid":{"rendered":"https:\/\/www.pga-electronics.com\/?page_id=3703"},"modified":"2018-06-12T16:48:47","modified_gmt":"2018-06-12T14:48:47","slug":"las-actividades","status":"publish","type":"page","link":"https:\/\/www.pga-electronics.com\/es\/servicios\/las-actividades\/","title":{"rendered":"Las actividades"},"content":{"rendered":"<div class=\"wpb-content-wrapper\"><p>[vc_row][vc_column][vc_custom_heading text=\u00bbLas actividades\u00bb font_container=\u00bbtag:h1|text_align:left\u00bb use_theme_fonts=\u00bbyes\u00bb][vc_column_text css=\u00bb.vc_custom_1473692529193{padding-bottom: -20px !important;}\u00bb]<\/p>\n<p style=\"text-align: left;\"><img loading=\"lazy\" decoding=\"async\" class=\"alignnone size-full wp-image-2371\" src=\"https:\/\/www.pga-electronics.com\/wp-content\/uploads\/2016\/09\/divider-titolo-blu.jpg\" alt=\"divider-titolo-blu\" width=\"1600\" height=\"29\" srcset=\"https:\/\/www.pga-electronics.com\/wp-content\/uploads\/2016\/09\/divider-titolo-blu.jpg 1600w, https:\/\/www.pga-electronics.com\/wp-content\/uploads\/2016\/09\/divider-titolo-blu-300x5.jpg 300w, https:\/\/www.pga-electronics.com\/wp-content\/uploads\/2016\/09\/divider-titolo-blu-768x14.jpg 768w, https:\/\/www.pga-electronics.com\/wp-content\/uploads\/2016\/09\/divider-titolo-blu-1024x19.jpg 1024w, https:\/\/www.pga-electronics.com\/wp-content\/uploads\/2016\/09\/divider-titolo-blu-260x5.jpg 260w, https:\/\/www.pga-electronics.com\/wp-content\/uploads\/2016\/09\/divider-titolo-blu-50x1.jpg 50w, https:\/\/www.pga-electronics.com\/wp-content\/uploads\/2016\/09\/divider-titolo-blu-150x3.jpg 150w\" sizes=\"auto, (max-width:767px) 480px, (max-width:1600px) 100vw, 1600px\" \/><\/p>\n<p>[\/vc_column_text][vc_column_text css=\u00bb.vc_custom_1517410197275{padding-bottom: -20px !important;}\u00bb]<img loading=\"lazy\" decoding=\"async\" class=\"alignnone wp-image-3139 size-full\" src=\"https:\/\/www.pga-electronics.com\/wp-content\/uploads\/2018\/01\/Attivit\u00e0-new.jpg\" alt=\"\" width=\"1400\" height=\"351\" srcset=\"https:\/\/www.pga-electronics.com\/wp-content\/uploads\/2018\/01\/Attivit\u00e0-new.jpg 1400w, https:\/\/www.pga-electronics.com\/wp-content\/uploads\/2018\/01\/Attivit\u00e0-new-300x75.jpg 300w, https:\/\/www.pga-electronics.com\/wp-content\/uploads\/2018\/01\/Attivit\u00e0-new-768x193.jpg 768w, https:\/\/www.pga-electronics.com\/wp-content\/uploads\/2018\/01\/Attivit\u00e0-new-1024x257.jpg 1024w, https:\/\/www.pga-electronics.com\/wp-content\/uploads\/2018\/01\/Attivit\u00e0-new-260x65.jpg 260w, https:\/\/www.pga-electronics.com\/wp-content\/uploads\/2018\/01\/Attivit\u00e0-new-50x13.jpg 50w, https:\/\/www.pga-electronics.com\/wp-content\/uploads\/2018\/01\/Attivit\u00e0-new-150x38.jpg 150w\" sizes=\"auto, (max-width:767px) 480px, (max-width:1400px) 100vw, 1400px\" \/>[\/vc_column_text][vc_empty_space height=\u00bb7px\u00bb][\/vc_column][\/vc_row][vc_row disable_element=\u00bbyes\u00bb][vc_column][vc_custom_heading text=\u00bbLas actividades\u00bb font_container=\u00bbtag:h1|text_align:left\u00bb use_theme_fonts=\u00bbyes\u00bb][vc_column_text css=\u00bb.vc_custom_1473692529193{padding-bottom: -20px !important;}\u00bb]<\/p>\n<p style=\"text-align: left;\"><img loading=\"lazy\" decoding=\"async\" class=\"alignnone size-full wp-image-2371\" src=\"https:\/\/www.pga-electronics.com\/wp-content\/uploads\/2016\/09\/divider-titolo-blu.jpg\" alt=\"divider-titolo-blu\" width=\"1600\" height=\"29\" srcset=\"https:\/\/www.pga-electronics.com\/wp-content\/uploads\/2016\/09\/divider-titolo-blu.jpg 1600w, https:\/\/www.pga-electronics.com\/wp-content\/uploads\/2016\/09\/divider-titolo-blu-300x5.jpg 300w, https:\/\/www.pga-electronics.com\/wp-content\/uploads\/2016\/09\/divider-titolo-blu-768x14.jpg 768w, https:\/\/www.pga-electronics.com\/wp-content\/uploads\/2016\/09\/divider-titolo-blu-1024x19.jpg 1024w, https:\/\/www.pga-electronics.com\/wp-content\/uploads\/2016\/09\/divider-titolo-blu-260x5.jpg 260w, https:\/\/www.pga-electronics.com\/wp-content\/uploads\/2016\/09\/divider-titolo-blu-50x1.jpg 50w, https:\/\/www.pga-electronics.com\/wp-content\/uploads\/2016\/09\/divider-titolo-blu-150x3.jpg 150w\" sizes=\"auto, (max-width:767px) 480px, (max-width:1600px) 100vw, 1600px\" \/><\/p>\n<p>[\/vc_column_text][vc_column_text css=\u00bb.vc_custom_1499332465789{padding-bottom: -20px !important;}\u00bb]<img loading=\"lazy\" decoding=\"async\" class=\"alignnone wp-image-2925 size-full\" src=\"https:\/\/www.pga-electronics.com\/wp-content\/uploads\/2016\/09\/2F_Le-attivita.jpg\" alt=\"\" width=\"1400\" height=\"351\" srcset=\"https:\/\/www.pga-electronics.com\/wp-content\/uploads\/2016\/09\/2F_Le-attivita.jpg 1400w, https:\/\/www.pga-electronics.com\/wp-content\/uploads\/2016\/09\/2F_Le-attivita-300x75.jpg 300w, https:\/\/www.pga-electronics.com\/wp-content\/uploads\/2016\/09\/2F_Le-attivita-768x193.jpg 768w, https:\/\/www.pga-electronics.com\/wp-content\/uploads\/2016\/09\/2F_Le-attivita-1024x257.jpg 1024w, https:\/\/www.pga-electronics.com\/wp-content\/uploads\/2016\/09\/2F_Le-attivita-260x65.jpg 260w, https:\/\/www.pga-electronics.com\/wp-content\/uploads\/2016\/09\/2F_Le-attivita-50x13.jpg 50w, https:\/\/www.pga-electronics.com\/wp-content\/uploads\/2016\/09\/2F_Le-attivita-150x38.jpg 150w\" sizes=\"auto, (max-width:767px) 480px, (max-width:1400px) 100vw, 1400px\" \/>[\/vc_column_text][vc_empty_space height=\u00bb7px\u00bb][\/vc_column][\/vc_row][vc_row][vc_column][vc_single_image image=\u00bb2328&#8243; img_size=\u00bbfull\u00bb]<div class=\"story_box \"><div class=\"desc_wrapper\"><h3 class=\"themecolor title \">Dise\u00f1o<\/h3><hr class=\"hr_color\"><\/div><div class=\"desc\"><\/p>\n<ul>\n<li>Dise\u00f1o de circuitos electr\u00f3nicos de alimentaci\u00f3n, plataforma con rel\u00e9 de potencia, gesti\u00f3n de la plataforma Triac, plataforma PWM, plataforma IGBT \/ MOS-FET para motores trif\u00e1sicos sin escobillas.<\/li>\n<li>Dise\u00f1o de interfaces de usuario de tipo \u00f3ptico, capacitivo y t\u00e1ctil.<\/li>\n<li>Dise\u00f1o de sensores para el control autom\u00e1tico de las funciones de las campanas extractoras, los controles de calidad y de temperatura del aire.<\/li>\n<li>Dise\u00f1o de software para sistemas de control para motores el\u00e9ctricos, luces, instrumentos de medici\u00f3n y sistemas de recuperaci\u00f3n de datos.<\/li>\n<li>Dise\u00f1o de interfaces H2M y M2M utilizando protocolos de comunicaci\u00f3n inal\u00e1mbrica.<\/li>\n<\/ul>\n<p><\/div><\/div>\n[vc_single_image image=\u00bb2328&#8243; img_size=\u00bbfull\u00bb]<div class=\"story_box \"><div class=\"desc_wrapper\"><h3 class=\"themecolor title \">Producci\u00f3n<\/h3><hr class=\"hr_color\"><\/div><div class=\"desc\"><\/p>\n<ul>\n<li>Producci\u00f3n de tarjetas HVLM y LVHM<\/li>\n<li>Montaje con m\u00e1quinas autom\u00e1ticas o manuales de componentes THT<\/li>\n<li>Componentes THT de soldadura por ola<\/li>\n<li>Montaje con m\u00e1quinas autom\u00e1ticas de componentes SMD<\/li>\n<li>Soldadura con hornos de fusi\u00f3n de componentes SMD<\/li>\n<li>Montaje mec\u00e1nico de tarjetas para las cajas de control y contenedores especiales.<\/li>\n<\/ul>\n<p><\/div><\/div>\n[vc_single_image image=\u00bb2328&#8243; img_size=\u00bbfull\u00bb]<div class=\"story_box \"><div class=\"desc_wrapper\"><h3 class=\"themecolor title \">Creaci\u00f3n de Prototipos<\/h3><hr class=\"hr_color\"><\/div><div class=\"desc\"><\/p>\n<ul>\n<li>Suministro de prototipos y documentaci\u00f3n completa.<\/li>\n<li>Soporte para la homologaci\u00f3n de producto por las organizaciones correspondientes.<\/li>\n<\/ul>\n<p><\/div><\/div>\n[vc_single_image image=\u00bb2328&#8243; img_size=\u00bbfull\u00bb]<div class=\"story_box \"><div class=\"desc_wrapper\"><h3 class=\"themecolor title \">Pruebas y Puesta en marcha<\/h3><hr class=\"hr_color\"><\/div><div class=\"desc\"><\/p>\n<ul>\n<li>Control de soldadura con m\u00e1quinas de inspecci\u00f3n \u00f3ptica.<\/li>\n<li>Pruebas el\u00e9ctricas al 100%<\/li>\n<li>Prueba de seguridad al 100%<\/li>\n<\/ul>\n<p><\/div><\/div>\n[vc_single_image image=\u00bb2328&#8243; img_size=\u00bbfull\u00bb]<div class=\"story_box \"><div class=\"desc_wrapper\"><h3 class=\"themecolor title \">Productos Terminados<\/h3><hr class=\"hr_color\"><\/div><div class=\"desc\">PG.A. proporciona al cliente la posibilidad de elegir entre los productos terminados, listos para ser comercializados porque, gracias a su experiencia, fiabilidad y flexibilidad, puede ofrecer una soluci\u00f3n \u00ablista para su uso\u00bb o dise\u00f1ar un producto personalizado, basado en las necesidades espec\u00edficas del cliente.<\/div><\/div>\n[vc_single_image image=\u00bb2328&#8243; img_size=\u00bbfull\u00bb]<div class=\"story_box \"><div class=\"desc_wrapper\"><h3 class=\"themecolor title \">Post Venta<\/h3><hr class=\"hr_color\"><\/div><div class=\"desc\">P.G.A. garantiza aquellos servicios de asistencia t\u00e9cnica esenciales para ofrecer eficacia y confianza, asegurando la devoluci\u00f3n de los productos r\u00e1pidamente.<\/p>\n<p>Adem\u00e1s, se ofrecen los siguientes servicios:<\/p>\n<p><b>Revisi\u00f3n y actualizaci\u00f3n de las placas electr\u00f3nicas<\/b><br \/>\nP.G.A. puede encargarse de reelaborar o actualizar tarjetas electr\u00f3nicas que a\u00fan no se hayan comercializado. Esta necesidad puede producirse cuando hay una necesidad de actualizaciones de hardware o firmware, o si el producto requiere mejoras.<br \/>\nP.G.A. realiza una revisi\u00f3n de las indicaciones del cliente, reparando o actualizando el hardware o firmware, interviniendo tanto en garant\u00eda como con garant\u00eda extra.<\/p>\n<p><b>Reparaciones y gesti\u00f3n del <i>Fin de la Vida<\/i><\/b><br \/>\nEn caso de que un producto presente un mal funcionamiento durante el uso por parte del usuario final, P.G.A. proporciona servicios de reparaci\u00f3n tanto en garant\u00eda como fuera de la garant\u00eda.<br \/>\nPodemos gestionar la log\u00edstica de devoluci\u00f3n, el an\u00e1lisis de fallos, el inventario, la reparaci\u00f3n y la devoluci\u00f3n. Podemos ofrecer este tipo de servicio tambi\u00e9n para productos que est\u00e9n agotados o fuera de producci\u00f3n.<\/div><\/div>\n[vc_single_image image=\u00bb2328&#8243; img_size=\u00bbfull\u00bb]<div class=\"story_box \"><div class=\"desc_wrapper\"><h3 class=\"themecolor title \">Log\u00edstica<\/h3><hr class=\"hr_color\"><\/div><div class=\"desc\">Las necesidades de producci\u00f3n se basan en un almac\u00e9n mejorado y automatizado, que garantiza la puntualidad y concluye el ciclo de una manera eficaz y segura.<br \/>\nP.G.A. se ocupa constantemente de la relaci\u00f3n con proveedores nacionales e internacionales, monitorizando constantemente la adecuaci\u00f3n de los precios y la calidad de los productos, que se controlan desde el momento en el que son aceptados.<br \/>\nPara evitar da\u00f1os durante el transporte, el embalaje de los productos se realiza con extremo cuidado.<\/p>\n<p><\/div><\/div>\n[vc_single_image image=\u00bb2328&#8243; img_size=\u00bbfull\u00bb][\/vc_column][\/vc_row]<\/p>\n<\/div>","protected":false},"excerpt":{"rendered":"<p>[vc_row][vc_column][vc_custom_heading text=\u00bbLas actividades\u00bb font_container=\u00bbtag:h1|text_align:left\u00bb use_theme_fonts=\u00bbyes\u00bb][vc_column_text css=\u00bb.vc_custom_1473692529193{padding-bottom: -20px !important;}\u00bb] [\/vc_column_text][vc_column_text css=\u00bb.vc_custom_1517410197275{padding-bottom: -20px !important;}\u00bb][\/vc_column_text][vc_empty_space height=\u00bb7px\u00bb][\/vc_column][\/vc_row][vc_row disable_element=\u00bbyes\u00bb][vc_column][vc_custom_heading text=\u00bbLas actividades\u00bb font_container=\u00bbtag:h1|text_align:left\u00bb use_theme_fonts=\u00bbyes\u00bb][vc_column_text css=\u00bb.vc_custom_1473692529193{padding-bottom: -20px !important;}\u00bb] [\/vc_column_text][vc_column_text css=\u00bb.vc_custom_1499332465789{padding-bottom: -20px !important;}\u00bb][\/vc_column_text][vc_empty_space height=\u00bb7px\u00bb][\/vc_column][\/vc_row][vc_row][vc_column][vc_single_image<span class=\"excerpt-hellip\"> [\u2026]<\/span><\/p>\n","protected":false},"author":1,"featured_media":0,"parent":3735,"menu_order":0,"comment_status":"closed","ping_status":"closed","template":"","meta":{"footnotes":""},"class_list":["post-3703","page","type-page","status-publish","hentry"],"_links":{"self":[{"href":"https:\/\/www.pga-electronics.com\/es\/wp-json\/wp\/v2\/pages\/3703","targetHints":{"allow":["GET"]}}],"collection":[{"href":"https:\/\/www.pga-electronics.com\/es\/wp-json\/wp\/v2\/pages"}],"about":[{"href":"https:\/\/www.pga-electronics.com\/es\/wp-json\/wp\/v2\/types\/page"}],"author":[{"embeddable":true,"href":"https:\/\/www.pga-electronics.com\/es\/wp-json\/wp\/v2\/users\/1"}],"replies":[{"embeddable":true,"href":"https:\/\/www.pga-electronics.com\/es\/wp-json\/wp\/v2\/comments?post=3703"}],"version-history":[{"count":4,"href":"https:\/\/www.pga-electronics.com\/es\/wp-json\/wp\/v2\/pages\/3703\/revisions"}],"predecessor-version":[{"id":3741,"href":"https:\/\/www.pga-electronics.com\/es\/wp-json\/wp\/v2\/pages\/3703\/revisions\/3741"}],"up":[{"embeddable":true,"href":"https:\/\/www.pga-electronics.com\/es\/wp-json\/wp\/v2\/pages\/3735"}],"wp:attachment":[{"href":"https:\/\/www.pga-electronics.com\/es\/wp-json\/wp\/v2\/media?parent=3703"}],"curies":[{"name":"wp","href":"https:\/\/api.w.org\/{rel}","templated":true}]}}