{"id":3706,"date":"2018-06-11T18:29:07","date_gmt":"2018-06-11T16:29:07","guid":{"rendered":"https:\/\/www.pga-electronics.com\/?page_id=3706"},"modified":"2018-07-25T09:53:48","modified_gmt":"2018-07-25T07:53:48","slug":"business-unit-p-g-a-2-0","status":"publish","type":"page","link":"https:\/\/www.pga-electronics.com\/es\/servicios\/business-unit-p-g-a-2-0\/","title":{"rendered":"Business Unit PGA2.0"},"content":{"rendered":"<div class=\"wpb-content-wrapper\"><p>[vc_row][vc_column][vc_custom_heading text=\u00bbBusiness Unit PGA2.0&#8243; font_container=\u00bbtag:h1|text_align:left\u00bb use_theme_fonts=\u00bbyes\u00bb][vc_column_text css=\u00bb.vc_custom_1473692529193{padding-bottom: -20px !important;}\u00bb]<\/p>\n<p style=\"text-align: left;\"><img loading=\"lazy\" decoding=\"async\" class=\"alignnone size-full wp-image-2371\" src=\"https:\/\/www.pga-electronics.com\/wp-content\/uploads\/2016\/09\/divider-titolo-blu.jpg\" alt=\"divider-titolo-blu\" width=\"1600\" height=\"29\" srcset=\"https:\/\/www.pga-electronics.com\/wp-content\/uploads\/2016\/09\/divider-titolo-blu.jpg 1600w, https:\/\/www.pga-electronics.com\/wp-content\/uploads\/2016\/09\/divider-titolo-blu-300x5.jpg 300w, https:\/\/www.pga-electronics.com\/wp-content\/uploads\/2016\/09\/divider-titolo-blu-768x14.jpg 768w, https:\/\/www.pga-electronics.com\/wp-content\/uploads\/2016\/09\/divider-titolo-blu-1024x19.jpg 1024w, https:\/\/www.pga-electronics.com\/wp-content\/uploads\/2016\/09\/divider-titolo-blu-260x5.jpg 260w, https:\/\/www.pga-electronics.com\/wp-content\/uploads\/2016\/09\/divider-titolo-blu-50x1.jpg 50w, https:\/\/www.pga-electronics.com\/wp-content\/uploads\/2016\/09\/divider-titolo-blu-150x3.jpg 150w\" sizes=\"auto, (max-width:767px) 480px, (max-width:1600px) 100vw, 1600px\" \/><\/p>\n<p>[\/vc_column_text][vc_column_text css=\u00bb.vc_custom_1473849660338{padding-bottom: -20px !important;}\u00bb]<img loading=\"lazy\" decoding=\"async\" class=\"aligncenter size-full wp-image-2317\" src=\"https:\/\/www.pga-electronics.com\/wp-content\/uploads\/2015\/12\/banner-pga-2.png\" alt=\"banner-pga-2\" width=\"1150\" height=\"322\" srcset=\"https:\/\/www.pga-electronics.com\/wp-content\/uploads\/2015\/12\/banner-pga-2.png 1150w, https:\/\/www.pga-electronics.com\/wp-content\/uploads\/2015\/12\/banner-pga-2-300x84.png 300w, https:\/\/www.pga-electronics.com\/wp-content\/uploads\/2015\/12\/banner-pga-2-768x215.png 768w, https:\/\/www.pga-electronics.com\/wp-content\/uploads\/2015\/12\/banner-pga-2-1024x287.png 1024w, https:\/\/www.pga-electronics.com\/wp-content\/uploads\/2015\/12\/banner-pga-2-260x73.png 260w, https:\/\/www.pga-electronics.com\/wp-content\/uploads\/2015\/12\/banner-pga-2-50x14.png 50w, https:\/\/www.pga-electronics.com\/wp-content\/uploads\/2015\/12\/banner-pga-2-150x42.png 150w\" sizes=\"auto, (max-width:767px) 480px, (max-width:1150px) 100vw, 1150px\" \/>[\/vc_column_text][vc_empty_space height=\u00bb7px\u00bb][\/vc_column][\/vc_row][vc_row][vc_column width=\u00bb1\/3&#8243;][vc_single_image image=\u00bb4135&#8243; img_size=\u00bbfull\u00bb][\/vc_column][vc_column width=\u00bb2\/3&#8243;][vc_column_text]<span style=\"color: #ffffff;\">.<\/span><br \/>\n<span style=\"color: #ffffff;\">.<\/span><\/p>\n<h4>Nuestra Unidad de Negocios PGA2.0 ofrece a nuestros clientes una consultor\u00eda altamente calificada en el campo del dise\u00f1o y creaci\u00f3n de prototipos de placas electr\u00f3nicas.<\/h4>\n<p class=\"p1\">P.G.A. ha elegido anticiparse a las necesidades del mercado, ser un l\u00edder en su sector y hacer uso de profesionales altamente calificados que pueden idear, desarrollar y crear un prototipo siguiendo las instrucciones del cliente.<\/p>\n<p class=\"p1\">Seguimos todo el proceso de desarrollo, desde el dise\u00f1o hasta la producci\u00f3n en masa, apoyando al cliente en la etapa final de certificaci\u00f3n en la que podemos ayudarle en sus documentos que necesita para el organismo de certificaci\u00f3n.<\/p>\n<h4>\u00bfQu\u00e9 Ofrecemos?<\/h4>\n<h1>Dise\u00f1o de hardware, firmware, software, mec\u00e1nica y consultor\u00eda en los organismos de certificaci\u00f3n acreditados de Accredia<\/h1>\n<p>[\/vc_column_text][\/vc_column][\/vc_row][vc_row][vc_column][vc_single_image image=\u00bb2953&#8243; img_size=\u00bbfull\u00bb alignment=\u00bbcenter\u00bb][vc_single_image image=\u00bb2328&#8243; img_size=\u00bbfull\u00bb][\/vc_column][\/vc_row]<\/p>\n<\/div>","protected":false},"excerpt":{"rendered":"<p>[vc_row][vc_column][vc_custom_heading text=\u00bbBusiness Unit PGA2.0&#8243; font_container=\u00bbtag:h1|text_align:left\u00bb use_theme_fonts=\u00bbyes\u00bb][vc_column_text css=\u00bb.vc_custom_1473692529193{padding-bottom: -20px !important;}\u00bb] [\/vc_column_text][vc_column_text css=\u00bb.vc_custom_1473849660338{padding-bottom: -20px !important;}\u00bb][\/vc_column_text][vc_empty_space height=\u00bb7px\u00bb][\/vc_column][\/vc_row][vc_row][vc_column width=\u00bb1\/3&#8243;][vc_single_image image=\u00bb4135&#8243; img_size=\u00bbfull\u00bb][\/vc_column][vc_column width=\u00bb2\/3&#8243;][vc_column_text]. . Nuestra Unidad de Negocios PGA2.0 ofrece a<span class=\"excerpt-hellip\"> [\u2026]<\/span><\/p>\n","protected":false},"author":1,"featured_media":0,"parent":3735,"menu_order":0,"comment_status":"closed","ping_status":"closed","template":"","meta":{"footnotes":""},"class_list":["post-3706","page","type-page","status-publish","hentry"],"_links":{"self":[{"href":"https:\/\/www.pga-electronics.com\/es\/wp-json\/wp\/v2\/pages\/3706","targetHints":{"allow":["GET"]}}],"collection":[{"href":"https:\/\/www.pga-electronics.com\/es\/wp-json\/wp\/v2\/pages"}],"about":[{"href":"https:\/\/www.pga-electronics.com\/es\/wp-json\/wp\/v2\/types\/page"}],"author":[{"embeddable":true,"href":"https:\/\/www.pga-electronics.com\/es\/wp-json\/wp\/v2\/users\/1"}],"replies":[{"embeddable":true,"href":"https:\/\/www.pga-electronics.com\/es\/wp-json\/wp\/v2\/comments?post=3706"}],"version-history":[{"count":6,"href":"https:\/\/www.pga-electronics.com\/es\/wp-json\/wp\/v2\/pages\/3706\/revisions"}],"predecessor-version":[{"id":4222,"href":"https:\/\/www.pga-electronics.com\/es\/wp-json\/wp\/v2\/pages\/3706\/revisions\/4222"}],"up":[{"embeddable":true,"href":"https:\/\/www.pga-electronics.com\/es\/wp-json\/wp\/v2\/pages\/3735"}],"wp:attachment":[{"href":"https:\/\/www.pga-electronics.com\/es\/wp-json\/wp\/v2\/media?parent=3706"}],"curies":[{"name":"wp","href":"https:\/\/api.w.org\/{rel}","templated":true}]}}