{"id":3720,"date":"2018-06-12T12:34:38","date_gmt":"2018-06-12T10:34:38","guid":{"rendered":"https:\/\/www.pga-electronics.com\/?page_id=3720"},"modified":"2022-12-16T15:48:20","modified_gmt":"2022-12-16T14:48:20","slug":"milestones","status":"publish","type":"page","link":"https:\/\/www.pga-electronics.com\/es\/milestones\/","title":{"rendered":"Milestones"},"content":{"rendered":"<div class=\"wpb-content-wrapper\"><p>[vc_row][vc_column][vc_custom_heading text=\u00bbMilestones\u00bb font_container=\u00bbtag:h1|text_align:left\u00bb use_theme_fonts=\u00bbyes\u00bb][vc_column_text css=\u00bb.vc_custom_1528799694389{padding-bottom: -20px !important;}\u00bb]<\/p>\n<p style=\"text-align: left;\"><img loading=\"lazy\" decoding=\"async\" class=\"alignnone size-full wp-image-2371\" src=\"https:\/\/www.pga-electronics.com\/wp-content\/uploads\/2016\/09\/divider-titolo-blu.jpg\" alt=\"divider-titolo-blu\" width=\"1600\" height=\"29\" srcset=\"https:\/\/www.pga-electronics.com\/wp-content\/uploads\/2016\/09\/divider-titolo-blu.jpg 1600w, https:\/\/www.pga-electronics.com\/wp-content\/uploads\/2016\/09\/divider-titolo-blu-300x5.jpg 300w, https:\/\/www.pga-electronics.com\/wp-content\/uploads\/2016\/09\/divider-titolo-blu-768x14.jpg 768w, https:\/\/www.pga-electronics.com\/wp-content\/uploads\/2016\/09\/divider-titolo-blu-1024x19.jpg 1024w, https:\/\/www.pga-electronics.com\/wp-content\/uploads\/2016\/09\/divider-titolo-blu-260x5.jpg 260w, https:\/\/www.pga-electronics.com\/wp-content\/uploads\/2016\/09\/divider-titolo-blu-50x1.jpg 50w, https:\/\/www.pga-electronics.com\/wp-content\/uploads\/2016\/09\/divider-titolo-blu-150x3.jpg 150w\" sizes=\"auto, (max-width:767px) 480px, (max-width:1600px) 100vw, 1600px\" \/><br \/>\nDesde su fundaci\u00f3n en 1995 hasta hoy, todas las etapas de crecimiento y \u00e9xito comercial.<\/p>\n<p>[\/vc_column_text][\/vc_column][\/vc_row][vc_row][vc_column]<div class=\"story_box \"><div class=\"photo_wrapper\"><img loading=\"lazy\" decoding=\"async\" class=\"scale-with-grid\" src=\"https:\/\/www.pga-electronics.com\/wp-content\/uploads\/2016\/09\/milestones-1995-2.jpg\" alt=\"milestones-1995-2\" width=\"411\" height=\"126\"\/><\/div><div class=\"desc_wrapper\"><h3 class=\"themecolor title \">1995<\/h3><hr class=\"hr_color\"><\/div><div class=\"desc\">Fundaci\u00f3n de P.G.A., Peque\u00f1os y Grandes Automatismos<\/div><\/div>\n<div class=\"story_box \"><div class=\"photo_wrapper\"><img loading=\"lazy\" decoding=\"async\" class=\"scale-with-grid\" src=\"https:\/\/www.pga-electronics.com\/wp-content\/uploads\/2016\/09\/milestones-1997.jpg\" alt=\"milestones-1997\" width=\"411\" height=\"126\"\/><\/div><div class=\"desc_wrapper\"><h3 class=\"themecolor title \">1997<\/h3><hr class=\"hr_color\"><\/div><div class=\"desc\">Introducci\u00f3n en el mercado del primer teclado capacitivo del mundo en una campana extractora y activaci\u00f3n de la primera l\u00ednea de montaje SMT (tecnolog\u00eda de montaje superficial)<\/div><\/div>\n<div class=\"story_box \"><div class=\"photo_wrapper\"><img loading=\"lazy\" decoding=\"async\" class=\"scale-with-grid\" src=\"https:\/\/www.pga-electronics.com\/wp-content\/uploads\/2016\/09\/milestones-2006-2.jpg\" alt=\"milestones-2006-2\" width=\"411\" height=\"126\"\/><\/div><div class=\"desc_wrapper\"><h3 class=\"themecolor title \">2006<\/h3><hr class=\"hr_color\"><\/div><div class=\"desc\">Introducci\u00f3n a nivel mundial del primer terminal de presencia basado en la tecnolog\u00eda RFID<\/div><\/div>\n<div class=\"story_box \"><div class=\"photo_wrapper\"><img loading=\"lazy\" decoding=\"async\" class=\"scale-with-grid\" src=\"https:\/\/www.pga-electronics.com\/wp-content\/uploads\/2016\/09\/milestones-2010.jpg\" alt=\"milestones-2010\" width=\"411\" height=\"126\"\/><\/div><div class=\"desc_wrapper\"><h3 class=\"themecolor title \">2010<\/h3><hr class=\"hr_color\"><\/div><div class=\"desc\">Introducci\u00f3n en el mercado del primer sistema de control de motor de tecnolog\u00eda de inversor<\/div><\/div>\n<div class=\"story_box \"><div class=\"photo_wrapper\"><img loading=\"lazy\" decoding=\"async\" class=\"scale-with-grid\" src=\"https:\/\/www.pga-electronics.com\/wp-content\/uploads\/2016\/09\/milestones-2013-1.jpg\" alt=\"milestones-2013\" width=\"411\" height=\"126\"\/><\/div><div class=\"desc_wrapper\"><h3 class=\"themecolor title \">2013<\/h3><hr class=\"hr_color\"><\/div><div class=\"desc\">Certificaci\u00f3n de calidad ISO9001 (cuerpo de IMQ)<\/div><\/div>\n<div class=\"story_box \"><div class=\"photo_wrapper\"><img loading=\"lazy\" decoding=\"async\" class=\"scale-with-grid\" src=\"https:\/\/www.pga-electronics.com\/wp-content\/uploads\/2016\/09\/milestones-2014-1.jpg\" alt=\"milestones-2014\" width=\"411\" height=\"126\"\/><\/div><div class=\"desc_wrapper\"><h3 class=\"themecolor title \">2014<\/h3><hr class=\"hr_color\"><\/div><div class=\"desc\">Introducci\u00f3n de la primera Interfaz M2M de placa de cocci\u00f3n &#8211; campana extractora<\/div><\/div>\n<div class=\"story_box \"><div class=\"photo_wrapper\"><img loading=\"lazy\" decoding=\"async\" class=\"scale-with-grid\" src=\"https:\/\/www.pga-electronics.com\/wp-content\/uploads\/2016\/09\/milestones-2015-1.jpg\" alt=\"milestones-2015\" width=\"411\" height=\"126\"\/><\/div><div class=\"desc_wrapper\"><h3 class=\"themecolor title \">2015<\/h3><hr class=\"hr_color\"><\/div><div class=\"desc\">Introducci\u00f3n en el mercado de la primera U.I. en todo el mundo basado en tecnolog\u00eda t\u00e1ctil inoxidable <\/div><\/div>\n<div class=\"story_box \"><div class=\"photo_wrapper\"><img loading=\"lazy\" decoding=\"async\" class=\"scale-with-grid\" src=\"https:\/\/www.pga-electronics.com\/wp-content\/uploads\/2016\/09\/milestones-2016.jpg\" alt=\"milestones-2016\" width=\"411\" height=\"126\"\/><\/div><div class=\"desc_wrapper\"><h3 class=\"themecolor title \">2016<\/h3><hr class=\"hr_color\"><\/div><div class=\"desc\">Inauguraci\u00f3n de nueva planta productiva (2.800 metros cuadrados cubiertos).<\/div><\/div>\n<div class=\"story_box \"><div class=\"photo_wrapper\"><img loading=\"lazy\" decoding=\"async\" class=\"scale-with-grid\" src=\"https:\/\/www.pga-electronics.com\/wp-content\/uploads\/2022\/12\/Sabaf-Group-milestones.jpg\" alt=\"Sabaf Group milestones\" width=\"411\" height=\"126\"\/><\/div><div class=\"desc_wrapper\"><h3 class=\"themecolor title \">2022<\/h3><hr class=\"hr_color\"><\/div><div class=\"desc\">Entrada en el Grupo Sabaf<\/div><\/div>\n[vc_empty_space height=\u00bb10px\u00bb][\/vc_column][\/vc_row][vc_row][vc_column][vc_single_image image=\u00bb2328&#8243; img_size=\u00bbfull\u00bb][\/vc_column][\/vc_row]<\/p>\n<\/div>","protected":false},"excerpt":{"rendered":"<p>[vc_row][vc_column][vc_custom_heading text=\u00bbMilestones\u00bb font_container=\u00bbtag:h1|text_align:left\u00bb use_theme_fonts=\u00bbyes\u00bb][vc_column_text css=\u00bb.vc_custom_1528799694389{padding-bottom: -20px !important;}\u00bb] Desde su fundaci\u00f3n en 1995 hasta hoy, todas las etapas de crecimiento y \u00e9xito comercial. [\/vc_column_text][\/vc_column][\/vc_row][vc_row][vc_column][vc_empty_space height=\u00bb10px\u00bb][\/vc_column][\/vc_row][vc_row][vc_column][vc_single_image image=\u00bb2328&#8243; img_size=\u00bbfull\u00bb][\/vc_column][\/vc_row]<\/p>\n","protected":false},"author":1,"featured_media":0,"parent":0,"menu_order":0,"comment_status":"closed","ping_status":"closed","template":"","meta":{"footnotes":""},"class_list":["post-3720","page","type-page","status-publish","hentry"],"_links":{"self":[{"href":"https:\/\/www.pga-electronics.com\/es\/wp-json\/wp\/v2\/pages\/3720","targetHints":{"allow":["GET"]}}],"collection":[{"href":"https:\/\/www.pga-electronics.com\/es\/wp-json\/wp\/v2\/pages"}],"about":[{"href":"https:\/\/www.pga-electronics.com\/es\/wp-json\/wp\/v2\/types\/page"}],"author":[{"embeddable":true,"href":"https:\/\/www.pga-electronics.com\/es\/wp-json\/wp\/v2\/users\/1"}],"replies":[{"embeddable":true,"href":"https:\/\/www.pga-electronics.com\/es\/wp-json\/wp\/v2\/comments?post=3720"}],"version-history":[{"count":5,"href":"https:\/\/www.pga-electronics.com\/es\/wp-json\/wp\/v2\/pages\/3720\/revisions"}],"predecessor-version":[{"id":4404,"href":"https:\/\/www.pga-electronics.com\/es\/wp-json\/wp\/v2\/pages\/3720\/revisions\/4404"}],"wp:attachment":[{"href":"https:\/\/www.pga-electronics.com\/es\/wp-json\/wp\/v2\/media?parent=3720"}],"curies":[{"name":"wp","href":"https:\/\/api.w.org\/{rel}","templated":true}]}}