{"id":3725,"date":"2018-06-12T12:38:10","date_gmt":"2018-06-12T10:38:10","guid":{"rendered":"https:\/\/www.pga-electronics.com\/?page_id=3725"},"modified":"2025-02-21T18:43:06","modified_gmt":"2025-02-21T17:43:06","slug":"calidad","status":"publish","type":"page","link":"https:\/\/www.pga-electronics.com\/es\/calidad\/","title":{"rendered":"Calidad"},"content":{"rendered":"<div class=\"wpb-content-wrapper\"><p>[vc_row][vc_column][vc_custom_heading text=\u00bbCalidad\u00bb font_container=\u00bbtag:h1|text_align:left\u00bb use_theme_fonts=\u00bbyes\u00bb][vc_column_text css=\u00bb.vc_custom_1479741921106{padding-bottom: -20px !important;}\u00bb]<\/p>\n<p style=\"text-align: left;\"><img loading=\"lazy\" decoding=\"async\" class=\"alignnone size-full wp-image-2371\" src=\"https:\/\/www.pga-electronics.com\/wp-content\/uploads\/2016\/09\/divider-titolo-blu.jpg\" alt=\"divider-titolo-blu\" width=\"1600\" height=\"29\" srcset=\"https:\/\/www.pga-electronics.com\/wp-content\/uploads\/2016\/09\/divider-titolo-blu.jpg 1600w, https:\/\/www.pga-electronics.com\/wp-content\/uploads\/2016\/09\/divider-titolo-blu-300x5.jpg 300w, https:\/\/www.pga-electronics.com\/wp-content\/uploads\/2016\/09\/divider-titolo-blu-768x14.jpg 768w, https:\/\/www.pga-electronics.com\/wp-content\/uploads\/2016\/09\/divider-titolo-blu-1024x19.jpg 1024w, https:\/\/www.pga-electronics.com\/wp-content\/uploads\/2016\/09\/divider-titolo-blu-260x5.jpg 260w, https:\/\/www.pga-electronics.com\/wp-content\/uploads\/2016\/09\/divider-titolo-blu-50x1.jpg 50w, https:\/\/www.pga-electronics.com\/wp-content\/uploads\/2016\/09\/divider-titolo-blu-150x3.jpg 150w\" sizes=\"auto, (max-width:767px) 480px, (max-width:1600px) 100vw, 1600px\" \/><\/p>\n<p style=\"text-align: left;\"><img loading=\"lazy\" decoding=\"async\" class=\"aligncenter size-full wp-image-2445\" src=\"https:\/\/www.pga-electronics.com\/wp-content\/uploads\/2016\/09\/banner-qualita.jpg\" alt=\"banner-qualita\" width=\"1540\" height=\"486\" srcset=\"https:\/\/www.pga-electronics.com\/wp-content\/uploads\/2016\/09\/banner-qualita.jpg 1540w, https:\/\/www.pga-electronics.com\/wp-content\/uploads\/2016\/09\/banner-qualita-300x95.jpg 300w, https:\/\/www.pga-electronics.com\/wp-content\/uploads\/2016\/09\/banner-qualita-768x242.jpg 768w, https:\/\/www.pga-electronics.com\/wp-content\/uploads\/2016\/09\/banner-qualita-1024x323.jpg 1024w, https:\/\/www.pga-electronics.com\/wp-content\/uploads\/2016\/09\/banner-qualita-260x82.jpg 260w, https:\/\/www.pga-electronics.com\/wp-content\/uploads\/2016\/09\/banner-qualita-50x16.jpg 50w, https:\/\/www.pga-electronics.com\/wp-content\/uploads\/2016\/09\/banner-qualita-150x47.jpg 150w\" sizes=\"auto, (max-width:767px) 480px, (max-width:1540px) 100vw, 1540px\" \/><\/p>\n<h4 style=\"text-align: left;\"><\/h4>\n<p>[\/vc_column_text][vc_column_text]<\/p>\n<h4>La prioridad para P.G.A. es producir productos caracterizados por un alto nivel de calidad, cero defectos y que respeten el medioambiente.<\/h4>\n<p>Para alcanzar este ambicioso objetivo, P.G.A. ha adoptado procesos empresariales internos que siguen los est\u00e1ndares m\u00e1s importantes de referencia industrial y protecci\u00f3n ambiental con el objetivo de maximizar el nivel de calidad ofrecido y al mismo tiempo proporcionar productos sin sustancias peligrosas.<\/p>\n<p>Aqu\u00ed est\u00e1n los est\u00e1ndares a los cuales P.G.A. se refiere:[\/vc_column_text][\/vc_column][\/vc_row][vc_row css=\u00bb.vc_custom_1473694717616{padding-top: 20px !important;padding-bottom: 20px !important;}\u00bb][vc_column width=\u00bb1\/3&#8243;][vc_single_image image=\u00bb4462&#8243; img_size=\u00bb244&#215;250&#8243; alignment=\u00bbcenter\u00bb][\/vc_column][vc_column width=\u00bb2\/3&#8243;][vc_column_text css=\u00bb\u00bb]<\/p>\n<p class=\"p1\" style=\"text-align: justify;\">ISO 9001 define los criterios para el sistema de gesti\u00f3n de calidad. Este est\u00e1ndar se basa en una serie de principios de gesti\u00f3n de calidad que incluyen una fuerte concentraci\u00f3n en el cliente, la motivaci\u00f3n y la participaci\u00f3n de la direcci\u00f3n de la empresa, el acercarse a los procesos y mejorar continuamente.<\/p>\n<p class=\"p1\" style=\"text-align: justify;\"><span style=\"text-decoration: underline;\"><a href=\"https:\/\/www.pga-electronics.com\/wp-content\/uploads\/2025\/02\/Certificato-ISO9001.pdf\" target=\"_blank\" rel=\"noopener\">descargar certificado ISO 9001<\/a><\/span><\/p>\n<p><span style=\"text-decoration: underline;\"><a href=\"http:\/\/www.iso.org\/iso\/iso_9000\" target=\"_blank\" rel=\"noopener\">abrir sitio web\u00a0ISO9001<\/a><\/span>[\/vc_column_text][\/vc_column][\/vc_row][vc_row css=\u00bb.vc_custom_1473694723252{padding-bottom: 20px !important;}\u00bb][vc_column width=\u00bb1\/3&#8243;][vc_single_image image=\u00bb2451&#8243; img_size=\u00bbfull\u00bb][\/vc_column][vc_column width=\u00bb2\/3&#8243;][vc_column_text]<\/p>\n<p class=\"p1\" style=\"text-align: justify;\">P.G.A. produce de acuerdo con la norma IPC-A-610E-2010 de clase 2 relativa a la aceptabilidad de los conjuntos electr\u00f3nicos.<\/p>\n<p class=\"p1\" style=\"text-align: justify;\"><span style=\"text-decoration: underline;\"><a href=\"https:\/\/www.pga-electronics.com\/wp-content\/uploads\/2018\/06\/IPC_Membership.pdf\" target=\"_blank\" rel=\"noopener\">descargar membership IPC<\/a><\/span><\/p>\n<p><span style=\"text-decoration: underline;\"><a href=\"http:\/\/www.ipc.org\/\" target=\"_blank\" rel=\"noopener\">abrir sitio IPC<\/a><\/span>[\/vc_column_text][\/vc_column][\/vc_row][vc_row css=\u00bb.vc_custom_1473694729293{padding-bottom: 20px !important;}\u00bb][vc_column width=\u00bb1\/3&#8243;][vc_single_image image=\u00bb2454&#8243; img_size=\u00bbfull\u00bb][\/vc_column][vc_column width=\u00bb2\/3&#8243;][vc_column_text css=\u00bb\u00bb]<\/p>\n<p style=\"text-align: justify;\">La Directiva 2002\/95 \/EC correspondiente a la restricci\u00f3n del uso de sustancias peligrosas (RoHS) entr\u00f3 en vigor en 2006. Ha sido remplazada por la Directiva 2011\/65 \/UE (RoHS-II), que entr\u00f3 en vigor en 2011. El Reglamento RoHS se aplica a ciertos equipos el\u00e9ctricos y electr\u00f3nicos introducidos en el mercado europeo.<\/p>\n<p><a href=\"https:\/\/www.pga-electronics.com\/wp-content\/uploads\/2025\/01\/P.G.A.-RoHS-Statement.pdf\" target=\"_blank\" rel=\"noopener\"><u>descargar declaraci\u00f3n RoHS<\/u><\/a><\/p>\n<p style=\"text-align: justify;\"><a href=\"http:\/\/ec.europa.eu\/environment\/waste\/rohs_eee\/index_en.htm\" target=\"_blank\" rel=\"noopener\"><span style=\"text-decoration: underline;\">abrir sitio RoHS<\/span><\/a><\/p>\n<p>[\/vc_column_text][\/vc_column][\/vc_row][vc_row css=\u00bb.vc_custom_1473694729293{padding-bottom: 20px !important;}\u00bb][vc_column width=\u00bb1\/3&#8243;][vc_single_image image=\u00bb2825&#8243; img_size=\u00bbfull\u00bb][\/vc_column][vc_column width=\u00bb2\/3&#8243;][vc_column_text css=\u00bb\u00bb]<\/p>\n<p style=\"text-align: justify;\">La regulaci\u00f3n (CE) n\u00ba. 1907\/2006 del Parlamento Europeo del Consejo del 18 de diciembre de 2006 relativo al registro, evaluaci\u00f3n, autorizaci\u00f3n y restricci\u00f3n de sustancias qu\u00edmicas (REACH) entr\u00f3 en vigor el 01\/06\/2007. Los productos qu\u00edmicos que se regularizan a trav\u00e9s de esta regulaci\u00f3n se actualizan varias veces al a\u00f1o.<\/p>\n<p style=\"text-align: justify;\"><a href=\"https:\/\/www.pga-electronics.com\/wp-content\/uploads\/2025\/01\/P.G.A.-Reach-Statement.pdf\" target=\"_blank\" rel=\"noopener\"><u>descargar declaraci\u00f3n Reach<\/u><br \/>\n<\/a><a href=\"https:\/\/echa.europa.eu\/web\/guest\/regulations\/reach\/\" target=\"_blank\" rel=\"noopener\"><span style=\"text-decoration: underline;\"><br \/>\nabrir sitio Reach<\/span><\/a><\/p>\n<p>[\/vc_column_text][\/vc_column][\/vc_row][vc_row css=\u00bb.vc_custom_1473694729293{padding-bottom: 20px !important;}\u00bb][vc_column width=\u00bb1\/3&#8243;][vc_single_image image=\u00bb3111&#8243; img_size=\u00bbfull\u00bb][\/vc_column][vc_column width=\u00bb2\/3&#8243;][vc_column_text]<\/p>\n<p style=\"text-align: justify;\">En \u00e1reas geopol\u00edticas inestables, los grupos armados emplean el trabajo forzado para extraer minerales y venderlos para financiar sus actividades il\u00edcitas, como la compra de armas. En la categor\u00eda de los llamados \u00abminerales conflictivos\u201d encontramos el esta\u00f1o, el t\u00e1ntalo, el oro y el tungsteno que se cuentan habitualmente entre los componentes electr\u00f3nicos. P.G.A., sensibilizando constantemente a su cadena de suministro, compra exclusivamente componentes electr\u00f3nicos de proveedores que importan estos metales y minerales solo de fuentes responsables.<\/p>\n<p style=\"text-align: justify;\"><a href=\"https:\/\/www.pga-electronics.com\/wp-content\/uploads\/2018\/05\/Conflict_Minerals_Statement_PGA.pdf\" target=\"_blank\" rel=\"noopener\"><u>descargar declaraci\u00f3n Conflict Minerals<br \/>\n<\/u><\/a><a href=\"http:\/\/ec.europa.eu\/trade\/policy\/in-focus\/conflict-minerals-regulation\/\" target=\"_blank\" rel=\"noopener\"><span style=\"text-decoration: underline;\"><br \/>\n<u>abrir sitio Conflict Minerals<\/u><br \/>\n<\/span><\/a>[\/vc_column_text][\/vc_column][\/vc_row][vc_row][vc_column width=\u00bb1\/3&#8243;][vc_single_image image=\u00bb2457&#8243; img_size=\u00bbfull\u00bb][\/vc_column][vc_column width=\u00bb2\/3&#8243;][vc_column_text]P.G.A. aplica un sistema de <strong>seguimiento del producto<\/strong> que proporciona una comprensi\u00f3n clara de los diversos pasos del proceso de producci\u00f3n.<\/p>\n<p>Todo esto permite tener una producci\u00f3n que cumple con las regulaciones a la vez que una calidad excelente, con procesos industriales claros y con intervenciones puntuales, r\u00e1pidas y efectivas en caso de identificaci\u00f3n de posibles defectos.[\/vc_column_text][\/vc_column][\/vc_row][vc_row][vc_column][vc_single_image image=\u00bb2328&#8243; img_size=\u00bbfull\u00bb][\/vc_column][\/vc_row]<\/p>\n<\/div>","protected":false},"excerpt":{"rendered":"<p>[vc_row][vc_column][vc_custom_heading text=\u00bbCalidad\u00bb font_container=\u00bbtag:h1|text_align:left\u00bb use_theme_fonts=\u00bbyes\u00bb][vc_column_text css=\u00bb.vc_custom_1479741921106{padding-bottom: -20px !important;}\u00bb] [\/vc_column_text][vc_column_text] La prioridad para P.G.A. es producir productos caracterizados por un alto nivel de calidad, cero defectos y que<span class=\"excerpt-hellip\"> [\u2026]<\/span><\/p>\n","protected":false},"author":1,"featured_media":0,"parent":0,"menu_order":0,"comment_status":"closed","ping_status":"closed","template":"","meta":{"footnotes":""},"class_list":["post-3725","page","type-page","status-publish","hentry"],"_links":{"self":[{"href":"https:\/\/www.pga-electronics.com\/es\/wp-json\/wp\/v2\/pages\/3725","targetHints":{"allow":["GET"]}}],"collection":[{"href":"https:\/\/www.pga-electronics.com\/es\/wp-json\/wp\/v2\/pages"}],"about":[{"href":"https:\/\/www.pga-electronics.com\/es\/wp-json\/wp\/v2\/types\/page"}],"author":[{"embeddable":true,"href":"https:\/\/www.pga-electronics.com\/es\/wp-json\/wp\/v2\/users\/1"}],"replies":[{"embeddable":true,"href":"https:\/\/www.pga-electronics.com\/es\/wp-json\/wp\/v2\/comments?post=3725"}],"version-history":[{"count":19,"href":"https:\/\/www.pga-electronics.com\/es\/wp-json\/wp\/v2\/pages\/3725\/revisions"}],"predecessor-version":[{"id":4553,"href":"https:\/\/www.pga-electronics.com\/es\/wp-json\/wp\/v2\/pages\/3725\/revisions\/4553"}],"wp:attachment":[{"href":"https:\/\/www.pga-electronics.com\/es\/wp-json\/wp\/v2\/media?parent=3725"}],"curies":[{"name":"wp","href":"https:\/\/api.w.org\/{rel}","templated":true}]}}