{"id":3745,"date":"2018-06-13T12:29:09","date_gmt":"2018-06-13T10:29:09","guid":{"rendered":"https:\/\/www.pga-electronics.com\/?page_id=3745"},"modified":"2018-07-25T10:04:41","modified_gmt":"2018-07-25T08:04:41","slug":"appliance","status":"publish","type":"page","link":"https:\/\/www.pga-electronics.com\/es\/appliance\/","title":{"rendered":"Appliance"},"content":{"rendered":"<div class=\"wpb-content-wrapper\"><p>[vc_row][vc_column][vc_custom_heading text=\u00bbAppliance\u00bb font_container=\u00bbtag:h1|text_align:left\u00bb use_theme_fonts=\u00bbyes\u00bb][vc_column_text]<\/p>\n<p style=\"text-align: left;\"><img loading=\"lazy\" decoding=\"async\" class=\"alignnone size-full wp-image-2371\" src=\"https:\/\/www.pga-electronics.com\/wp-content\/uploads\/2016\/09\/divider-titolo-blu.jpg\" alt=\"divider-titolo-blu\" width=\"1600\" height=\"29\" srcset=\"https:\/\/www.pga-electronics.com\/wp-content\/uploads\/2016\/09\/divider-titolo-blu.jpg 1600w, https:\/\/www.pga-electronics.com\/wp-content\/uploads\/2016\/09\/divider-titolo-blu-300x5.jpg 300w, https:\/\/www.pga-electronics.com\/wp-content\/uploads\/2016\/09\/divider-titolo-blu-768x14.jpg 768w, https:\/\/www.pga-electronics.com\/wp-content\/uploads\/2016\/09\/divider-titolo-blu-1024x19.jpg 1024w, https:\/\/www.pga-electronics.com\/wp-content\/uploads\/2016\/09\/divider-titolo-blu-260x5.jpg 260w, https:\/\/www.pga-electronics.com\/wp-content\/uploads\/2016\/09\/divider-titolo-blu-50x1.jpg 50w, https:\/\/www.pga-electronics.com\/wp-content\/uploads\/2016\/09\/divider-titolo-blu-150x3.jpg 150w\" sizes=\"auto, (max-width:767px) 480px, (max-width:1600px) 100vw, 1600px\" \/><\/p>\n<p>[\/vc_column_text][\/vc_column][\/vc_row][vc_row][vc_column][\/vc_column][\/vc_row][vc_row][vc_column][vc_column_text]P.G.A. dise\u00f1a y produce soluciones electr\u00f3nicas completas para la industria de electrodom\u00e9sticos con \u00e9nfasis en los sectores de las campanas extractoras, refrigeradores dom\u00e9sticos, placas, m\u00e1quinas expendedoras, dispensadores de agua y otros peque\u00f1os electrodom\u00e9sticos.<\/p>\n<p>Unos ejemplos de productos suministrados por la compa\u00f1\u00eda son interfaces de usuario, tarjetas electr\u00f3nicas de control de motores, sensores de cualquier tipo (calidad del aire, temperatura, humedad, etc.), teclados con botones, sistemas electr\u00f3nicos completos compuestos por UI, panel de control del motor, cableado y cajas de pl\u00e1stico, interfaces M2M y H2M y, a petici\u00f3n del cliente, muchas otras soluciones electr\u00f3nicas particulares.[\/vc_column_text][\/vc_column][\/vc_row][vc_row equal_height=\u00bbyes\u00bb][vc_column width=\u00bb1\/3&#8243;][vc_single_image image=\u00bb3001&#8243; img_size=\u00bb100X100&#8243; alignment=\u00bbcenter\u00bb onclick=\u00bbcustom_link\u00bb link=\u00bbhttps:\/\/www.pga-electronics.com\/es\/campanas-extractoras\/\u00bb css=\u00bb.vc_custom_1528899233927{margin-top: 10px !important;margin-right: 10px !important;margin-bottom: 10px !important;margin-left: 10px !important;border-top-width: 10px !important;border-right-width: 10px !important;border-bottom-width: 10px !important;border-left-width: 10px !important;padding-top: 10px !important;padding-right: 10px !important;padding-bottom: 10px !important;padding-left: 10px !important;}\u00bb][vc_column_text css=\u00bb.vc_custom_1528899243190{margin-top: 0px !important;border-top-width: 0px !important;padding-top: 0px !important;}\u00bb]<\/p>\n<h4 style=\"text-align: center;\"><a href=\"https:\/\/www.pga-electronics.com\/es\/campanas-extractoras\/\">Campanas extractoras<\/a><\/h4>\n<p>[\/vc_column_text][\/vc_column][vc_column width=\u00bb1\/3&#8243;][vc_single_image image=\u00bb3003&#8243; img_size=\u00bb100X100&#8243; alignment=\u00bbcenter\u00bb onclick=\u00bbcustom_link\u00bb link=\u00bbhttps:\/\/www.pga-electronics.com\/es\/vending-machines\/\u00bb css=\u00bb.vc_custom_1528899288375{margin-top: 10px !important;margin-right: 10px !important;margin-bottom: 10px !important;margin-left: 10px !important;border-top-width: 10px !important;border-right-width: 10px !important;border-bottom-width: 10px !important;border-left-width: 10px !important;padding-top: 10px !important;padding-right: 10px !important;padding-bottom: 10px !important;padding-left: 10px !important;}\u00bb][vc_column_text css=\u00bb.vc_custom_1528899299855{margin-top: 0px !important;border-top-width: 0px !important;padding-top: 0px !important;}\u00bb]<\/p>\n<h4 style=\"text-align: center;\"><a href=\"https:\/\/www.pga-electronics.com\/es\/vending-machines\/\">Vending Machines<br \/>\n<\/a><\/h4>\n<p>[\/vc_column_text][\/vc_column][vc_column width=\u00bb1\/3&#8243;][vc_single_image image=\u00bb3004&#8243; img_size=\u00bb100X100&#8243; alignment=\u00bbcenter\u00bb onclick=\u00bbcustom_link\u00bb css=\u00bb.vc_custom_1528899308164{margin-top: 10px !important;margin-right: 10px !important;margin-bottom: 10px !important;margin-left: 10px !important;border-top-width: 10px !important;border-right-width: 10px !important;border-bottom-width: 10px !important;border-left-width: 10px !important;padding-top: 10px !important;padding-right: 10px !important;padding-bottom: 10px !important;padding-left: 10px !important;}\u00bb link=\u00bbhttps:\/\/www.pga-electronics.com\/es\/coffee-machines\/\u00bb][vc_column_text css=\u00bb.vc_custom_1528899312835{margin-top: 0px !important;border-top-width: 0px !important;padding-top: 0px !important;}\u00bb]<\/p>\n<h4 style=\"text-align: center;\"><a href=\"https:\/\/www.pga-electronics.com\/es\/coffee-machines\/\">Coffee Machines<\/a><\/h4>\n<p>[\/vc_column_text][\/vc_column][\/vc_row][vc_row][vc_column width=\u00bb1\/3&#8243;][vc_single_image image=\u00bb3326&#8243; img_size=\u00bb100X100&#8243; alignment=\u00bbcenter\u00bb onclick=\u00bbcustom_link\u00bb link=\u00bbhttps:\/\/www.pga-electronics.com\/es\/water-dispensers\/\u00bb css=\u00bb.vc_custom_1528899321573{margin-top: 10px !important;margin-right: 10px !important;margin-bottom: 10px !important;margin-left: 10px !important;border-top-width: 10px !important;border-right-width: 10px !important;border-bottom-width: 10px !important;border-left-width: 10px !important;padding-top: 10px !important;padding-right: 10px !important;padding-bottom: 10px !important;padding-left: 10px !important;}\u00bb][vc_column_text css=\u00bb.vc_custom_1528899332748{margin-top: 0px !important;border-top-width: 0px !important;padding-top: 0px !important;}\u00bb]<\/p>\n<h4 style=\"text-align: center;\"><a href=\"https:\/\/www.pga-electronics.com\/es\/water-dispensers\">Water Dispensers<br \/>\n<\/a><\/h4>\n<p>[\/vc_column_text][\/vc_column][vc_column width=\u00bb1\/3&#8243;][vc_single_image image=\u00bb3060&#8243; img_size=\u00bb100X100&#8243; alignment=\u00bbcenter\u00bb onclick=\u00bbcustom_link\u00bb css=\u00bb.vc_custom_1528899380355{margin-top: 10px !important;margin-right: 10px !important;margin-bottom: 10px !important;margin-left: 10px !important;border-top-width: 10px !important;border-right-width: 10px !important;border-bottom-width: 10px !important;border-left-width: 10px !important;padding-top: 10px !important;padding-right: 10px !important;padding-bottom: 10px !important;padding-left: 10px !important;}\u00bb link=\u00bbhttps:\/\/www.pga-electronics.com\/es\/hornos\u00bb][vc_column_text css=\u00bb.vc_custom_1532415071379{margin-top: 0px !important;border-top-width: 0px !important;padding-top: 0px !important;}\u00bb]<\/p>\n<h4 style=\"text-align: center;\"><a href=\"https:\/\/www.pga-electronics.com\/es\/hornos\">Hornos<\/a><\/h4>\n<h4 style=\"text-align: center;\"><a href=\"https:\/\/www.pga-electronics.com\/es\/hornos\">Planas<\/a><\/h4>\n<p>[\/vc_column_text][\/vc_column][vc_column width=\u00bb1\/3&#8243;][vc_single_image image=\u00bb3063&#8243; img_size=\u00bb100X100&#8243; alignment=\u00bbcenter\u00bb onclick=\u00bbcustom_link\u00bb css=\u00bb.vc_custom_1528899396788{margin-top: 10px !important;margin-right: 10px !important;margin-bottom: 10px !important;margin-left: 10px !important;border-top-width: 10px !important;border-right-width: 10px !important;border-bottom-width: 10px !important;border-left-width: 10px !important;padding-top: 10px !important;padding-right: 10px !important;padding-bottom: 10px !important;padding-left: 10px !important;}\u00bb link=\u00bbhttps:\/\/www.pga-electronics.com\/es\/refrigeradores\u00bb][vc_column_text css=\u00bb.vc_custom_1528899653091{margin-top: 0px !important;border-top-width: 0px !important;padding-top: 0px !important;}\u00bb]<\/p>\n<h4 style=\"text-align: center;\"><a href=\"https:\/\/www.pga-electronics.com\/es\/refrigeradores\"><span style=\"font-size: 19px;\">Refrigeradores dom\u00e9sticos<\/span><br \/>\nEnfriadores r\u00e1pidos<\/a><\/h4>\n<p>[\/vc_column_text][\/vc_column][\/vc_row][vc_row][vc_column][vc_column_text]<img loading=\"lazy\" decoding=\"async\" class=\"size-full wp-image-2328\" src=\"https:\/\/www.pga-electronics.com\/wp-content\/uploads\/2015\/12\/divider-verde.jpg\" alt=\"divider-verde\" width=\"1600\" height=\"29\" srcset=\"https:\/\/www.pga-electronics.com\/wp-content\/uploads\/2015\/12\/divider-verde.jpg 1600w, https:\/\/www.pga-electronics.com\/wp-content\/uploads\/2015\/12\/divider-verde-300x5.jpg 300w, https:\/\/www.pga-electronics.com\/wp-content\/uploads\/2015\/12\/divider-verde-768x14.jpg 768w, https:\/\/www.pga-electronics.com\/wp-content\/uploads\/2015\/12\/divider-verde-1024x19.jpg 1024w, https:\/\/www.pga-electronics.com\/wp-content\/uploads\/2015\/12\/divider-verde-260x5.jpg 260w, https:\/\/www.pga-electronics.com\/wp-content\/uploads\/2015\/12\/divider-verde-50x1.jpg 50w, https:\/\/www.pga-electronics.com\/wp-content\/uploads\/2015\/12\/divider-verde-150x3.jpg 150w\" sizes=\"auto, (max-width:767px) 480px, (max-width:1600px) 100vw, 1600px\" \/>[\/vc_column_text][\/vc_column][\/vc_row]<\/p>\n<\/div>","protected":false},"excerpt":{"rendered":"<p>[vc_row][vc_column][vc_custom_heading text=\u00bbAppliance\u00bb font_container=\u00bbtag:h1|text_align:left\u00bb use_theme_fonts=\u00bbyes\u00bb][vc_column_text] [\/vc_column_text][\/vc_column][\/vc_row][vc_row][vc_column][\/vc_column][\/vc_row][vc_row][vc_column][vc_column_text]P.G.A. dise\u00f1a y produce soluciones electr\u00f3nicas completas para la industria de electrodom\u00e9sticos con \u00e9nfasis en los sectores de las campanas extractoras, refrigeradores<span class=\"excerpt-hellip\"> [\u2026]<\/span><\/p>\n","protected":false},"author":1,"featured_media":0,"parent":0,"menu_order":0,"comment_status":"closed","ping_status":"closed","template":"","meta":{"footnotes":""},"class_list":["post-3745","page","type-page","status-publish","hentry"],"_links":{"self":[{"href":"https:\/\/www.pga-electronics.com\/es\/wp-json\/wp\/v2\/pages\/3745","targetHints":{"allow":["GET"]}}],"collection":[{"href":"https:\/\/www.pga-electronics.com\/es\/wp-json\/wp\/v2\/pages"}],"about":[{"href":"https:\/\/www.pga-electronics.com\/es\/wp-json\/wp\/v2\/types\/page"}],"author":[{"embeddable":true,"href":"https:\/\/www.pga-electronics.com\/es\/wp-json\/wp\/v2\/users\/1"}],"replies":[{"embeddable":true,"href":"https:\/\/www.pga-electronics.com\/es\/wp-json\/wp\/v2\/comments?post=3745"}],"version-history":[{"count":11,"href":"https:\/\/www.pga-electronics.com\/es\/wp-json\/wp\/v2\/pages\/3745\/revisions"}],"predecessor-version":[{"id":4227,"href":"https:\/\/www.pga-electronics.com\/es\/wp-json\/wp\/v2\/pages\/3745\/revisions\/4227"}],"wp:attachment":[{"href":"https:\/\/www.pga-electronics.com\/es\/wp-json\/wp\/v2\/media?parent=3745"}],"curies":[{"name":"wp","href":"https:\/\/api.w.org\/{rel}","templated":true}]}}