{"id":3748,"date":"2018-06-13T12:30:59","date_gmt":"2018-06-13T10:30:59","guid":{"rendered":"https:\/\/www.pga-electronics.com\/?page_id=3748"},"modified":"2018-07-23T12:06:14","modified_gmt":"2018-07-23T10:06:14","slug":"lightning","status":"publish","type":"page","link":"https:\/\/www.pga-electronics.com\/es\/lightning\/","title":{"rendered":"Lightning"},"content":{"rendered":"<div class=\"wpb-content-wrapper\"><p>[vc_row][vc_column][vc_custom_heading text=\u00bbLightning\u00bb font_container=\u00bbtag:h1|text_align:left\u00bb use_theme_fonts=\u00bbyes\u00bb][vc_column_text]<\/p>\n<p style=\"text-align: left;\"><img loading=\"lazy\" decoding=\"async\" class=\"alignnone size-full wp-image-2371\" src=\"https:\/\/www.pga-electronics.com\/wp-content\/uploads\/2016\/09\/divider-titolo-blu.jpg\" alt=\"divider-titolo-blu\" width=\"1600\" height=\"29\" srcset=\"https:\/\/www.pga-electronics.com\/wp-content\/uploads\/2016\/09\/divider-titolo-blu.jpg 1600w, https:\/\/www.pga-electronics.com\/wp-content\/uploads\/2016\/09\/divider-titolo-blu-300x5.jpg 300w, https:\/\/www.pga-electronics.com\/wp-content\/uploads\/2016\/09\/divider-titolo-blu-768x14.jpg 768w, https:\/\/www.pga-electronics.com\/wp-content\/uploads\/2016\/09\/divider-titolo-blu-1024x19.jpg 1024w, https:\/\/www.pga-electronics.com\/wp-content\/uploads\/2016\/09\/divider-titolo-blu-260x5.jpg 260w, https:\/\/www.pga-electronics.com\/wp-content\/uploads\/2016\/09\/divider-titolo-blu-50x1.jpg 50w, https:\/\/www.pga-electronics.com\/wp-content\/uploads\/2016\/09\/divider-titolo-blu-150x3.jpg 150w\" sizes=\"auto, (max-width:767px) 480px, (max-width:1600px) 100vw, 1600px\" \/><\/p>\n<p>[\/vc_column_text][\/vc_column][\/vc_row][vc_row][vc_column][\/vc_column][\/vc_row][vc_row][vc_column][vc_column_text]P.G.A. se ha comprometido desde siempre con la innovaci\u00f3n constante de <strong>soluciones electr\u00f3nicas dedicadas a la iluminaci\u00f3n y la gesti\u00f3n \u00f3ptima de dispositivos basados en tecnolog\u00eda LED<\/strong>, que se utilizan principalmente en el sector de los electrodom\u00e9sticos, en la iluminaci\u00f3n de escaparates y, m\u00e1s en general, en la iluminaci\u00f3n de mobiliario.<\/p>\n<p>Nuestras soluciones van desde dispositivos electr\u00f3nicos para mezclar LED RGB hasta componentes electr\u00f3nicos dedicados para el Tunable White, que es una de las principales tendencias del momento en la industria de la iluminaci\u00f3n.<\/p>\n<p>Completan la cartera de soluciones las fuentes de alimentaci\u00f3n de corriente y de tensi\u00f3n constante de varios tama\u00f1os y potencia, tambi\u00e9n regulables a petici\u00f3n del cliente.[\/vc_column_text][\/vc_column][\/vc_row][vc_row equal_height=\u00bbyes\u00bb][vc_column][vc_single_image image=\u00bb4099&#8243; img_size=\u00bbfull\u00bb alignment=\u00bbcenter\u00bb onclick=\u00bbcustom_link\u00bb link=\u00bbhttps:\/\/www.pga-electronics.com\/cappe-aspiranti\u00bb css=\u00bb.vc_custom_1532340362748{margin-top: 0px !important;margin-right: 0px !important;margin-bottom: 0px !important;margin-left: 0px !important;border-top-width: 0px !important;border-right-width: 0px !important;border-bottom-width: 0px !important;border-left-width: 0px !important;padding-top: 0px !important;padding-right: 0px !important;padding-bottom: 0px !important;padding-left: 0px !important;}\u00bb][\/vc_column][\/vc_row][vc_row][vc_column][vc_column_text]<img loading=\"lazy\" decoding=\"async\" class=\"size-full wp-image-2328\" src=\"https:\/\/www.pga-electronics.com\/wp-content\/uploads\/2015\/12\/divider-verde.jpg\" alt=\"divider-verde\" width=\"1600\" height=\"29\" srcset=\"https:\/\/www.pga-electronics.com\/wp-content\/uploads\/2015\/12\/divider-verde.jpg 1600w, https:\/\/www.pga-electronics.com\/wp-content\/uploads\/2015\/12\/divider-verde-300x5.jpg 300w, https:\/\/www.pga-electronics.com\/wp-content\/uploads\/2015\/12\/divider-verde-768x14.jpg 768w, https:\/\/www.pga-electronics.com\/wp-content\/uploads\/2015\/12\/divider-verde-1024x19.jpg 1024w, https:\/\/www.pga-electronics.com\/wp-content\/uploads\/2015\/12\/divider-verde-260x5.jpg 260w, https:\/\/www.pga-electronics.com\/wp-content\/uploads\/2015\/12\/divider-verde-50x1.jpg 50w, https:\/\/www.pga-electronics.com\/wp-content\/uploads\/2015\/12\/divider-verde-150x3.jpg 150w\" sizes=\"auto, (max-width:767px) 480px, (max-width:1600px) 100vw, 1600px\" \/>[\/vc_column_text][\/vc_column][\/vc_row]<\/p>\n<\/div>","protected":false},"excerpt":{"rendered":"<p>[vc_row][vc_column][vc_custom_heading text=\u00bbLightning\u00bb font_container=\u00bbtag:h1|text_align:left\u00bb use_theme_fonts=\u00bbyes\u00bb][vc_column_text] [\/vc_column_text][\/vc_column][\/vc_row][vc_row][vc_column][\/vc_column][\/vc_row][vc_row][vc_column][vc_column_text]P.G.A. se ha comprometido desde siempre con la innovaci\u00f3n constante de soluciones electr\u00f3nicas dedicadas a la iluminaci\u00f3n y la gesti\u00f3n \u00f3ptima de<span class=\"excerpt-hellip\"> [\u2026]<\/span><\/p>\n","protected":false},"author":1,"featured_media":0,"parent":0,"menu_order":0,"comment_status":"closed","ping_status":"closed","template":"","meta":{"footnotes":""},"class_list":["post-3748","page","type-page","status-publish","hentry"],"_links":{"self":[{"href":"https:\/\/www.pga-electronics.com\/es\/wp-json\/wp\/v2\/pages\/3748","targetHints":{"allow":["GET"]}}],"collection":[{"href":"https:\/\/www.pga-electronics.com\/es\/wp-json\/wp\/v2\/pages"}],"about":[{"href":"https:\/\/www.pga-electronics.com\/es\/wp-json\/wp\/v2\/types\/page"}],"author":[{"embeddable":true,"href":"https:\/\/www.pga-electronics.com\/es\/wp-json\/wp\/v2\/users\/1"}],"replies":[{"embeddable":true,"href":"https:\/\/www.pga-electronics.com\/es\/wp-json\/wp\/v2\/comments?post=3748"}],"version-history":[{"count":4,"href":"https:\/\/www.pga-electronics.com\/es\/wp-json\/wp\/v2\/pages\/3748\/revisions"}],"predecessor-version":[{"id":4184,"href":"https:\/\/www.pga-electronics.com\/es\/wp-json\/wp\/v2\/pages\/3748\/revisions\/4184"}],"wp:attachment":[{"href":"https:\/\/www.pga-electronics.com\/es\/wp-json\/wp\/v2\/media?parent=3748"}],"curies":[{"name":"wp","href":"https:\/\/api.w.org\/{rel}","templated":true}]}}