{"id":3834,"date":"2018-06-13T16:46:45","date_gmt":"2018-06-13T14:46:45","guid":{"rendered":"https:\/\/www.pga-electronics.com\/?page_id=3834"},"modified":"2018-07-24T09:38:41","modified_gmt":"2018-07-24T07:38:41","slug":"h2m-m2m","status":"publish","type":"page","link":"https:\/\/www.pga-electronics.com\/es\/h2m-m2m\/","title":{"rendered":"H2M &#038; M2M"},"content":{"rendered":"<div class=\"wpb-content-wrapper\"><p>[vc_row][vc_column][vc_custom_heading text=\u00bbH2M &amp; M2M\u00bb font_container=\u00bbtag:h1|text_align:left\u00bb use_theme_fonts=\u00bbyes\u00bb][vc_column_text]<\/p>\n<p style=\"text-align: left;\"><img loading=\"lazy\" decoding=\"async\" class=\"alignnone size-full wp-image-2371\" src=\"https:\/\/www.pga-electronics.com\/wp-content\/uploads\/2016\/09\/divider-titolo-blu.jpg\" alt=\"divider-titolo-blu\" width=\"1600\" height=\"29\" srcset=\"https:\/\/www.pga-electronics.com\/wp-content\/uploads\/2016\/09\/divider-titolo-blu.jpg 1600w, https:\/\/www.pga-electronics.com\/wp-content\/uploads\/2016\/09\/divider-titolo-blu-300x5.jpg 300w, https:\/\/www.pga-electronics.com\/wp-content\/uploads\/2016\/09\/divider-titolo-blu-768x14.jpg 768w, https:\/\/www.pga-electronics.com\/wp-content\/uploads\/2016\/09\/divider-titolo-blu-1024x19.jpg 1024w, https:\/\/www.pga-electronics.com\/wp-content\/uploads\/2016\/09\/divider-titolo-blu-260x5.jpg 260w, https:\/\/www.pga-electronics.com\/wp-content\/uploads\/2016\/09\/divider-titolo-blu-50x1.jpg 50w, https:\/\/www.pga-electronics.com\/wp-content\/uploads\/2016\/09\/divider-titolo-blu-150x3.jpg 150w\" sizes=\"auto, (max-width:767px) 480px, (max-width:1600px) 100vw, 1600px\" \/><\/p>\n<p>[\/vc_column_text][\/vc_column][\/vc_row][vc_row][vc_column][\/vc_column][\/vc_row][vc_row][vc_column width=\u00bb2\/3&#8243;][vc_column_text]P.G.A., gracias a su larga experiencia profesional en el desarrollo de dispositivos de radiofrecuencia, puede dise\u00f1ar y producir controles de radio basados en las siguientes tecnolog\u00edas:<\/p>\n<ul>\n<li><strong>SubGiga en banda ISM<\/strong><\/li>\n<li><strong>Infrarrojos<\/strong><\/li>\n<li><strong>BTLE (Bluethooth Low Energy)<\/strong><\/li>\n<\/ul>\n<p>Estas aplicaciones se usan en todos los sectores en los que se requiere un control remoto a distancia sin interacci\u00f3n directa entre el hombre y la m\u00e1quina, como es el caso de electrodom\u00e9sticos, apertura de puertas correderas, dispositivos de elevaci\u00f3n, persianas y toldos autom\u00e1ticos, contraventanas, puertas seccionales, etc.<\/p>\n<p>P.G.A., l\u00edder del mercado en el campo de las soluciones electr\u00f3nicas M2M en el sector de las campanas de cocina, permite la conexi\u00f3n \u00abinal\u00e1mbrica\u00bb de una placa de cocci\u00f3n (el\u00e9ctrica, vitrocer\u00e1mica, inducci\u00f3n) a una campana extractora y tambi\u00e9n su funcionamiento sin\u00e9rgico basado en la absorci\u00f3n del poder detectado en la misma estructura.<br \/>\nEstos tipos de soluciones se pueden implementar usando protocolos de comunicaci\u00f3n inal\u00e1mbrica como:[\/vc_column_text][vc_row_inner][vc_column_inner width=\u00bb1\/2&#8243;][vc_column_text]<\/p>\n<ul>\n<li><strong>BTLE (Bluethooth Low Energy)<\/strong><\/li>\n<li><strong>WiFi<\/strong><\/li>\n<li><strong>Zigbee<\/strong><\/li>\n<li><strong>Thread<\/strong><\/li>\n<li><strong>Infrarrojos<\/strong><\/li>\n<\/ul>\n<p>[\/vc_column_text][\/vc_column_inner][vc_column_inner width=\u00bb1\/2&#8243;][vc_single_image image=\u00bb3302&#8243; img_size=\u00bbfull\u00bb alignment=\u00bbcenter\u00bb][\/vc_column_inner][\/vc_row_inner][\/vc_column][vc_column width=\u00bb1\/3&#8243;][vc_single_image image=\u00bb3254&#8243; img_size=\u00bbfull\u00bb alignment=\u00bbcenter\u00bb css=\u00bb.vc_custom_1520523853236{margin-top: 10px !important;margin-right: 10px !important;margin-bottom: 10px !important;margin-left: 10px !important;border-top-width: 10px !important;border-right-width: 10px !important;border-bottom-width: 10px !important;border-left-width: 10px !important;padding-top: 10px !important;padding-right: 10px !important;padding-bottom: 10px !important;padding-left: 10px !important;}\u00bb][\/vc_column][\/vc_row][vc_row content_placement=\u00bbtop\u00bb][vc_column][vc_single_image image=\u00bb3256&#8243; img_size=\u00bbfull\u00bb alignment=\u00bbcenter\u00bb onclick=\u00bbcustom_link\u00bb link=\u00bbhttps:\/\/www.pga-electronics.com\/cappe-aspiranti\u00bb css=\u00bb.vc_custom_1520525833421{margin: 0px !important;border-width: 0px !important;padding: 20px !important;}\u00bb][\/vc_column][\/vc_row][vc_row][vc_column][vc_column_text]<img loading=\"lazy\" decoding=\"async\" class=\"size-full wp-image-2328\" src=\"https:\/\/www.pga-electronics.com\/wp-content\/uploads\/2015\/12\/divider-verde.jpg\" alt=\"divider-verde\" width=\"1600\" height=\"29\" srcset=\"https:\/\/www.pga-electronics.com\/wp-content\/uploads\/2015\/12\/divider-verde.jpg 1600w, https:\/\/www.pga-electronics.com\/wp-content\/uploads\/2015\/12\/divider-verde-300x5.jpg 300w, https:\/\/www.pga-electronics.com\/wp-content\/uploads\/2015\/12\/divider-verde-768x14.jpg 768w, https:\/\/www.pga-electronics.com\/wp-content\/uploads\/2015\/12\/divider-verde-1024x19.jpg 1024w, https:\/\/www.pga-electronics.com\/wp-content\/uploads\/2015\/12\/divider-verde-260x5.jpg 260w, https:\/\/www.pga-electronics.com\/wp-content\/uploads\/2015\/12\/divider-verde-50x1.jpg 50w, https:\/\/www.pga-electronics.com\/wp-content\/uploads\/2015\/12\/divider-verde-150x3.jpg 150w\" sizes=\"auto, (max-width:767px) 480px, (max-width:1600px) 100vw, 1600px\" \/>[\/vc_column_text][\/vc_column][\/vc_row]<\/p>\n<\/div>","protected":false},"excerpt":{"rendered":"<p>[vc_row][vc_column][vc_custom_heading text=\u00bbH2M &amp; M2M\u00bb font_container=\u00bbtag:h1|text_align:left\u00bb use_theme_fonts=\u00bbyes\u00bb][vc_column_text] [\/vc_column_text][\/vc_column][\/vc_row][vc_row][vc_column][\/vc_column][\/vc_row][vc_row][vc_column width=\u00bb2\/3&#8243;][vc_column_text]P.G.A., gracias a su larga experiencia profesional en el desarrollo de dispositivos de radiofrecuencia, puede dise\u00f1ar y producir controles<span class=\"excerpt-hellip\"> [\u2026]<\/span><\/p>\n","protected":false},"author":1,"featured_media":0,"parent":0,"menu_order":0,"comment_status":"closed","ping_status":"closed","template":"","meta":{"footnotes":""},"class_list":["post-3834","page","type-page","status-publish","hentry"],"_links":{"self":[{"href":"https:\/\/www.pga-electronics.com\/es\/wp-json\/wp\/v2\/pages\/3834","targetHints":{"allow":["GET"]}}],"collection":[{"href":"https:\/\/www.pga-electronics.com\/es\/wp-json\/wp\/v2\/pages"}],"about":[{"href":"https:\/\/www.pga-electronics.com\/es\/wp-json\/wp\/v2\/types\/page"}],"author":[{"embeddable":true,"href":"https:\/\/www.pga-electronics.com\/es\/wp-json\/wp\/v2\/users\/1"}],"replies":[{"embeddable":true,"href":"https:\/\/www.pga-electronics.com\/es\/wp-json\/wp\/v2\/comments?post=3834"}],"version-history":[{"count":5,"href":"https:\/\/www.pga-electronics.com\/es\/wp-json\/wp\/v2\/pages\/3834\/revisions"}],"predecessor-version":[{"id":4210,"href":"https:\/\/www.pga-electronics.com\/es\/wp-json\/wp\/v2\/pages\/3834\/revisions\/4210"}],"wp:attachment":[{"href":"https:\/\/www.pga-electronics.com\/es\/wp-json\/wp\/v2\/media?parent=3834"}],"curies":[{"name":"wp","href":"https:\/\/api.w.org\/{rel}","templated":true}]}}