{"id":4066,"date":"2018-07-18T09:46:24","date_gmt":"2018-07-18T07:46:24","guid":{"rendered":"https:\/\/www.pga-electronics.com\/?page_id=4066"},"modified":"2018-07-23T11:52:50","modified_gmt":"2018-07-23T09:52:50","slug":"user-interfaces-capacitiva-tattile-wa","status":"publish","type":"page","link":"https:\/\/www.pga-electronics.com\/es\/user-interfaces-capacitiva-tattile-wa\/","title":{"rendered":"User Interfaces Capacitiva Tattile Water Dispensers"},"content":{"rendered":"<div class=\"wpb-content-wrapper\"><p>[vc_row][vc_column][vc_custom_heading text=\u00bbUser Interfaces\u00bb font_container=\u00bbtag:h1|text_align:left\u00bb use_theme_fonts=\u00bbyes\u00bb][vc_column_text]<\/p>\n<p style=\"text-align: left;\"><img loading=\"lazy\" decoding=\"async\" class=\"alignnone size-full wp-image-2371\" src=\"https:\/\/www.pga-electronics.com\/wp-content\/uploads\/2016\/09\/divider-titolo-blu.jpg\" alt=\"divider-titolo-blu\" width=\"1600\" height=\"29\" srcset=\"https:\/\/www.pga-electronics.com\/wp-content\/uploads\/2016\/09\/divider-titolo-blu.jpg 1600w, https:\/\/www.pga-electronics.com\/wp-content\/uploads\/2016\/09\/divider-titolo-blu-300x5.jpg 300w, https:\/\/www.pga-electronics.com\/wp-content\/uploads\/2016\/09\/divider-titolo-blu-768x14.jpg 768w, https:\/\/www.pga-electronics.com\/wp-content\/uploads\/2016\/09\/divider-titolo-blu-1024x19.jpg 1024w, https:\/\/www.pga-electronics.com\/wp-content\/uploads\/2016\/09\/divider-titolo-blu-260x5.jpg 260w, https:\/\/www.pga-electronics.com\/wp-content\/uploads\/2016\/09\/divider-titolo-blu-50x1.jpg 50w, https:\/\/www.pga-electronics.com\/wp-content\/uploads\/2016\/09\/divider-titolo-blu-150x3.jpg 150w\" sizes=\"auto, (max-width:767px) 480px, (max-width:1600px) 100vw, 1600px\" \/><\/p>\n<p>[\/vc_column_text][\/vc_column][\/vc_row][vc_row][vc_column][\/vc_column][\/vc_row][vc_row][vc_column width=\u00bb1\/3&#8243;][vc_single_image image=\u00bb4033&#8243; img_size=\u00bbfull\u00bb][\/vc_column][vc_column width=\u00bb2\/3&#8243;][vc_column_text]<\/p>\n<p class=\"p1\" style=\"text-align: justify;\">Gracias a una experiencia de m\u00e1s de veinte a\u00f1os en el campo del dise\u00f1o y la producci\u00f3n electr\u00f3nica, P.G.A. dise\u00f1a, desarrolla y fabrica interfaces de usuario para todos aquellos sectores donde se requiere una interfaz directa hombre-m\u00e1quina para la activaci\u00f3n de elementos tales como electrodom\u00e9sticos, autom\u00f3viles, ciclomotores, estufas de pellets, dispensadores de agua, dom\u00f3tica, etc.<\/p>\n<p>Nuestras interfaces de usuario pueden ser de bot\u00f3n pulsador t\u00e1ctiles o con comandos giratorios o t\u00e1ctiles capacitivos y \u00f3pticos con un simple roce touch o slider, tanto en tecnolog\u00eda electr\u00f3nica como electromec\u00e1nica.<\/p>\n<p>Tambi\u00e9n se pueden combinar en un soporte de pl\u00e1stico, vidrio y acero inoxidable dependiendo de la aplicaci\u00f3n requerida.[\/vc_column_text][vc_column_text]<\/p>\n<p style=\"text-align: center;\"><strong>SELECCIONE LA TECNOLOG\u00cdA DE INTERFAZ DE USUARIO QUE LE INTERESA PARA PROCESAR LA CONFIGURACI\u00d3N DEL PRODUCTO<\/strong><\/p>\n<p style=\"text-align: center;\"><a class=\"maxbutton-63 maxbutton maxbutton-es-user-interface-capacitiva\" href=\"http:\/\/www.pga-electronics.com\/es\/configuratore-user-interface-capacitiva\"><span class='mb-text'>Interfaz de Usuario Capacitiva<\/span><\/a><span class=\"col col_shortcode\">\u00a0 <a class=\"maxbutton-64 maxbutton maxbutton-es-user-interface-tattile\" href=\"http:\/\/www.pga-electronics.com\/es\/configuratore-user-interface-tattile\"><span class='mb-text'>Interfaz de Usuario T\u00e1ctil<\/span><\/a><\/span><\/p>\n<p>[\/vc_column_text][\/vc_column][\/vc_row][vc_row][vc_column][vc_column_text]<img loading=\"lazy\" decoding=\"async\" class=\"size-full wp-image-2328\" src=\"https:\/\/www.pga-electronics.com\/wp-content\/uploads\/2015\/12\/divider-verde.jpg\" alt=\"divider-verde\" width=\"1600\" height=\"29\" srcset=\"https:\/\/www.pga-electronics.com\/wp-content\/uploads\/2015\/12\/divider-verde.jpg 1600w, https:\/\/www.pga-electronics.com\/wp-content\/uploads\/2015\/12\/divider-verde-300x5.jpg 300w, https:\/\/www.pga-electronics.com\/wp-content\/uploads\/2015\/12\/divider-verde-768x14.jpg 768w, https:\/\/www.pga-electronics.com\/wp-content\/uploads\/2015\/12\/divider-verde-1024x19.jpg 1024w, https:\/\/www.pga-electronics.com\/wp-content\/uploads\/2015\/12\/divider-verde-260x5.jpg 260w, https:\/\/www.pga-electronics.com\/wp-content\/uploads\/2015\/12\/divider-verde-50x1.jpg 50w, https:\/\/www.pga-electronics.com\/wp-content\/uploads\/2015\/12\/divider-verde-150x3.jpg 150w\" sizes=\"auto, (max-width:767px) 480px, (max-width:1600px) 100vw, 1600px\" \/>[\/vc_column_text][\/vc_column][\/vc_row]<\/p>\n<\/div>","protected":false},"excerpt":{"rendered":"<p>[vc_row][vc_column][vc_custom_heading text=\u00bbUser Interfaces\u00bb font_container=\u00bbtag:h1|text_align:left\u00bb use_theme_fonts=\u00bbyes\u00bb][vc_column_text] [\/vc_column_text][\/vc_column][\/vc_row][vc_row][vc_column][\/vc_column][\/vc_row][vc_row][vc_column width=\u00bb1\/3&#8243;][vc_single_image image=\u00bb4033&#8243; img_size=\u00bbfull\u00bb][\/vc_column][vc_column width=\u00bb2\/3&#8243;][vc_column_text] Gracias a una experiencia de m\u00e1s de veinte a\u00f1os en el campo del dise\u00f1o y la<span class=\"excerpt-hellip\"> [\u2026]<\/span><\/p>\n","protected":false},"author":1,"featured_media":0,"parent":0,"menu_order":0,"comment_status":"closed","ping_status":"closed","template":"","meta":{"footnotes":""},"class_list":["post-4066","page","type-page","status-publish","hentry"],"_links":{"self":[{"href":"https:\/\/www.pga-electronics.com\/es\/wp-json\/wp\/v2\/pages\/4066","targetHints":{"allow":["GET"]}}],"collection":[{"href":"https:\/\/www.pga-electronics.com\/es\/wp-json\/wp\/v2\/pages"}],"about":[{"href":"https:\/\/www.pga-electronics.com\/es\/wp-json\/wp\/v2\/types\/page"}],"author":[{"embeddable":true,"href":"https:\/\/www.pga-electronics.com\/es\/wp-json\/wp\/v2\/users\/1"}],"replies":[{"embeddable":true,"href":"https:\/\/www.pga-electronics.com\/es\/wp-json\/wp\/v2\/comments?post=4066"}],"version-history":[{"count":3,"href":"https:\/\/www.pga-electronics.com\/es\/wp-json\/wp\/v2\/pages\/4066\/revisions"}],"predecessor-version":[{"id":4168,"href":"https:\/\/www.pga-electronics.com\/es\/wp-json\/wp\/v2\/pages\/4066\/revisions\/4168"}],"wp:attachment":[{"href":"https:\/\/www.pga-electronics.com\/es\/wp-json\/wp\/v2\/media?parent=4066"}],"curies":[{"name":"wp","href":"https:\/\/api.w.org\/{rel}","templated":true}]}}